{"id":6068,"date":"2022-03-24T23:27:37","date_gmt":"2022-03-24T23:27:37","guid":{"rendered":"https:\/\/jilzine.com\/communiquer-pour-prevenir\/"},"modified":"2022-03-24T23:27:37","modified_gmt":"2022-03-24T23:27:37","slug":"communiquer-pour-prevenir","status":"publish","type":"page","link":"https:\/\/jilzine.com\/fr\/communiquer-pour-prevenir\/","title":{"rendered":"Communiquer pour pr\u00e9venir"},"content":{"rendered":"<div data-elementor-type=\"wp-page\" data-elementor-id=\"6068\" class=\"elementor elementor-6068\" data-elementor-settings=\"[]\">\n\t\t\t\t\t\t<div class=\"elementor-inner\">\n\t\t\t\t\t\t\t<div class=\"elementor-section-wrap\">\n\t\t\t\t\t\t\t<section data-particle_enable=\"false\" data-particle-mobile-disabled=\"false\" class=\"elementor-section elementor-top-section elementor-element elementor-element-c33bc47 elementor-section-boxed elementor-section-gap-beside-yes elementor-section-height-default elementor-section-height-default elementor-section-column-vertical-align-stretch\" data-id=\"c33bc47\" data-element_type=\"section\">\n\t\t\t\t\t\t<div class=\"elementor-container elementor-column-gap-extended\">\n\t\t\t\t\t\t\t<div class=\"elementor-row\">\n\t\t\t\t\t<div class=\"elementor-column elementor-col-100 elementor-top-column elementor-element elementor-element-38cad88\" data-id=\"38cad88\" data-element_type=\"column\">\n\t\t\t<div class=\"elementor-column-wrap elementor-element-populated\">\n\t\t\t\t\t\t\t<div class=\"elementor-widget-wrap\">\n\t\t\t\t\t\t<div class=\"elementor-element elementor-element-5efc832 elementor-widget elementor-widget-text-editor\" data-id=\"5efc832\" data-element_type=\"widget\" data-widget_type=\"text-editor.default\">\n\t\t\t\t<div class=\"elementor-widget-container\">\n\t\t\t\t\t\t\t\t<div class=\"elementor-text-editor elementor-clearfix\">\n\t\t\t\t<p>Toutes les \u00e9tudes le montrent : <em><strong>un climat de dialogue et de confiance au sein de la famille prot\u00e8ge les adolescents du risque d&#8217;addiction.<\/strong><\/em><\/p><p>S&#8217;il y a donc une conduite \u00e0 suivre, ce serait \u201c<strong>communiquer avec ses enfants\u201d.<\/strong><\/p><blockquote><p><strong><u>Comment communiquer<\/u>?<\/strong><\/p><\/blockquote><p>Communiquer ne se limite pas \u00e0 transmettre des informations, mais \u00e0 cr\u00e9er un espace o\u00f9 chacun exprime ses id\u00e9es, ses d\u00e9sirs ou ses doutes et \u00e9coute ceux de son interlocuteur.<\/p><ul><li><strong>Parler, comme \u00e9couter, sont deux aspects essentiels de la communication. <\/strong><\/li><li>Le langage<strong> non verbal <\/strong>(les postures, les gestes, le look, le genre de musique, ou les prises de risques\u2026) est aussi r\u00e9v\u00e9lateur et porteur de messages.<\/li><li><strong>Partager des moments de loisirs<\/strong> (activit\u00e9s, jeux\u2026) favorise l&#8217;\u00e9change et permet de mieux conna\u00eetre son enfant.<\/li><\/ul><blockquote><p><strong><u>Les obstacles \u00e0 la communication<\/u>\u00a0 <\/strong><\/p><\/blockquote><p>Certaines attitudes peuvent\u00a0 constituer des <strong>obstacles<\/strong> au dialogue.<\/p><p><em><b>C\u00f4t\u00e9 parent :<\/b><\/em><\/p><ul><li style=\"list-style-type: none;\"><ul><li>Ne pas accorder de l\u2019attention \u00e0 son enfant<\/li><li>Ne pas le prendre au s\u00e9rieux<\/li><li>\u00catre trop critique vis-\u00e0-vis de son look<\/li><li>Se montrer m\u00e9fiant envers ses amis ou ses nouveaux int\u00e9r\u00eats.<\/li><li>S\u2019int\u00e9resser trop, voire exclusivement, aux r\u00e9sultats scolaires<\/li><li>Tout dramatiser ou, au contraire, prendre les choses trop \u00e0 la l\u00e9g\u00e8re<\/li><li>Donner beaucoup de conseils souvent per\u00e7us comme de la \u00abmorale\u00bb par le jeune.<\/li><\/ul><\/li><\/ul><p><em><b>C\u00f4t\u00e9 adolescent :<\/b><\/em><\/p><ul><li style=\"list-style-type: none;\"><ul><li>r\u00e9pondre par\u00a0 des monosyllabes<\/li><li>rester muet pendant des jours,<\/li><li>r\u00e9agir de mani\u00e8re d\u00e9mesur\u00e9e \u00e0 la moindre remarque<\/li><li>Se montrer agressif ou provocateur<\/li><li>Ne rien \u00e9couter et affirmer tout comprendre.<\/li><\/ul><\/li><\/ul><blockquote><p><strong><u>Le besoin de s\u2019affirmer de l\u2019adolescent<\/u><\/strong><\/p><\/blockquote><p>En tant que parent, il est important\u00a0 de comprendre que votre jeune a besoin de contester vos opinions et de\u00a0 s\u2019opposer \u00e0 vos d\u00e9cisions. C\u2019est sa mani\u00e8re de s\u2019affirmer. D\u00e8s lors,\u00a0 les affrontements deviennent in\u00e9vitables et ses \u00ab\u00a0attaques\u00bb ne sont pas forc\u00e9ment dirig\u00e9es contre vous.<\/p><blockquote><p><strong><u>Comprendre le conflit interne des adolescents<\/u><\/strong><\/p><\/blockquote><p>Tout parent devrait prendre conscience d\u2019un postulat de base: l\u2019adolescent vit un conflit interne entre ses pulsions, sa soif de nouvelles exp\u00e9riences et les limites que vous lui imposez.<\/p><blockquote><p><strong><u>Comment g\u00e9rer le conflit ?<\/u><\/strong><\/p><\/blockquote><p>C\u2019est \u00e0 vous, parent, de trouver l\u2019\u00e9quilibre entre:<\/p><ul><li style=\"list-style-type: none;\"><ul><li>lui manifester de l\u2019int\u00e9r\u00eat sans l\u2019envahir<\/li><li>lui laisser prendre de la distance sans para\u00eetre indiff\u00e9rent,<\/li><li>l\u2019aider sans l\u2019infantiliser.<\/li><\/ul><\/li><\/ul><p>Votre jeune a aussi besoin:<\/p><ul><li style=\"list-style-type: none;\"><ul><li>que vous l\u2019encouragiez,<\/li><li>que vous le f\u00e9licitez dans ses r\u00e9ussites.<\/li><\/ul><\/li><\/ul><blockquote><p><strong><u>Trouver un\u00a0 \u00e9quilibre en s&#8217;adaptant sans cesse aux besoins de votre enfant<\/u><\/strong><\/p><\/blockquote><p>Trouver le juste milieu dans vos attitudes, vous adapter sans cesse aux besoins de votre adolescent, faire face \u00e0 ses provocations, son agressivit\u00e9 ou son apathie demande beaucoup de patience, de pers\u00e9v\u00e9rance et aussi la capacit\u00e9\u00a0 \u00e0 prendre de la distance.<\/p><p>En tant que parent, l\u2019essentiel est de maintenir une communication avec votre adolescent, malgr\u00e9 les difficult\u00e9s, sans h\u00e9siter vous-m\u00eame \u00e0 chercher de l\u2019aide en cas de besoin aupr\u00e8s d\u2019autres parents ou d\u2019un service sp\u00e9cialis\u00e9.<\/p><p>\u00ab<span style=\"color: #800080;\"><strong><em>Entre ce que je pense, ce que je veux dire, ce que je crois dire, ce que je dis, ce que vous avez envie d\u2019entendre, ce que vous entendez, ce que vous comprenez&#8230; il y a dix possibilit\u00e9s qu\u2019on ait des difficult\u00e9s \u00e0 communiquer. Mais essayons quand m\u00eame&#8230;<\/em><\/strong><\/span>\u00bb Bernard Werber<\/p>\t\t\t\t\t<\/div>\n\t\t\t\t\t\t<\/div>\n\t\t\t\t<\/div>\n\t\t\t\t\t\t<\/div>\n\t\t\t\t\t<\/div>\n\t\t<\/div>\n\t\t\t\t\t\t\t\t<\/div>\n\t\t\t\t\t<\/div>\n\t\t<\/section>\n\t\t\t\t\t\t<\/div>\n\t\t\t\t\t\t<\/div>\n\t\t\t\t\t<\/div>","protected":false},"excerpt":{"rendered":"<p>Toutes les \u00e9tudes le montrent : un climat de dialogue et de confiance au sein de la famille prot\u00e8ge les adolescents du risque d&#8217;addiction. S&#8217;il y a donc une conduite \u00e0 suivre, ce serait \u201ccommuniquer avec ses enfants\u201d. Comment communiquer? Communiquer ne se limite pas \u00e0 transmettre des informations, mais \u00e0 cr\u00e9er un espace o\u00f9 chacun exprime ses id\u00e9es, ses d\u00e9sirs ou ses doutes et \u00e9coute ceux de son interlocuteur. Parler, comme \u00e9couter, sont deux aspects essentiels de la communication. Le langage non verbal (les postures, les gestes, le look, le genre de musique, ou les prises de risques\u2026) est aussi r\u00e9v\u00e9lateur et porteur de messages. Partager des moments de loisirs (activit\u00e9s, jeux\u2026) favorise l&#8217;\u00e9change et permet de mieux conna\u00eetre son enfant. Les obstacles \u00e0 la communication\u00a0 Certaines attitudes peuvent\u00a0 constituer des obstacles au dialogue. C\u00f4t\u00e9 parent : Ne pas accorder de l\u2019attention \u00e0 son enfant Ne pas le prendre au s\u00e9rieux \u00catre trop critique vis-\u00e0-vis de son look Se montrer m\u00e9fiant envers ses amis ou ses nouveaux int\u00e9r\u00eats. S\u2019int\u00e9resser trop, voire exclusivement, aux r\u00e9sultats scolaires Tout dramatiser ou, au contraire, prendre les choses trop \u00e0 la l\u00e9g\u00e8re Donner beaucoup de conseils souvent per\u00e7us comme de la \u00abmorale\u00bb par le jeune. C\u00f4t\u00e9 adolescent : r\u00e9pondre par\u00a0 des monosyllabes rester muet pendant des jours, r\u00e9agir de mani\u00e8re d\u00e9mesur\u00e9e \u00e0 la moindre remarque Se montrer agressif ou provocateur Ne rien \u00e9couter et affirmer tout comprendre. Le besoin de s\u2019affirmer de l\u2019adolescent En tant que parent, il est important\u00a0 de comprendre que votre jeune a besoin de contester vos opinions et de\u00a0 s\u2019opposer \u00e0 vos d\u00e9cisions. C\u2019est sa mani\u00e8re de s\u2019affirmer. D\u00e8s lors,\u00a0 les affrontements deviennent in\u00e9vitables et ses \u00ab\u00a0attaques\u00bb ne sont pas forc\u00e9ment dirig\u00e9es contre vous. Comprendre le conflit interne des adolescents Tout parent devrait prendre conscience d\u2019un postulat de base: l\u2019adolescent vit un conflit interne entre ses pulsions, sa soif de nouvelles exp\u00e9riences et les limites que vous lui imposez. Comment g\u00e9rer le conflit ? C\u2019est \u00e0 vous, parent, de trouver l\u2019\u00e9quilibre entre: lui manifester de l\u2019int\u00e9r\u00eat sans l\u2019envahir lui laisser prendre de la distance sans para\u00eetre indiff\u00e9rent, l\u2019aider sans l\u2019infantiliser. Votre jeune a aussi besoin: que vous l\u2019encouragiez, que vous le f\u00e9licitez dans ses r\u00e9ussites. Trouver un\u00a0 \u00e9quilibre en s&#8217;adaptant sans cesse aux besoins de votre enfant Trouver le juste milieu dans vos attitudes, vous adapter sans cesse aux besoins de votre adolescent, faire face \u00e0 ses provocations, son agressivit\u00e9 ou son apathie demande beaucoup de patience, de pers\u00e9v\u00e9rance et aussi la capacit\u00e9\u00a0 \u00e0 prendre de la distance. En tant que parent, l\u2019essentiel est de maintenir une communication avec votre adolescent, malgr\u00e9 les difficult\u00e9s, sans h\u00e9siter vous-m\u00eame \u00e0 chercher de l\u2019aide en cas de besoin aupr\u00e8s d\u2019autres parents ou d\u2019un service sp\u00e9cialis\u00e9. \u00abEntre ce que je pense, ce que je veux dire, ce que je crois dire, ce que je dis, ce que vous avez envie d\u2019entendre, ce que vous entendez, ce que vous comprenez&#8230; il y a dix possibilit\u00e9s qu\u2019on ait des difficult\u00e9s \u00e0 communiquer. Mais essayons quand m\u00eame&#8230;\u00bb Bernard Werber<\/p>","protected":false},"author":1,"featured_media":0,"parent":0,"menu_order":0,"comment_status":"closed","ping_status":"closed","template":"","meta":[],"yoast_head":"<!-- This site is optimized with the Yoast SEO plugin v18.6 - https:\/\/yoast.com\/wordpress\/plugins\/seo\/ -->\n<title>Communiquer pour pr\u00e9venir - Jil Zine<\/title>\n<meta name=\"description\" content=\"Nous sommes une association de sensibilisation aux m\u00e9faits des drogues. &quot;Tous concern\u00e9s, tous responsables&quot;.\" \/>\n<meta name=\"robots\" content=\"index, follow, max-snippet:-1, max-image-preview:large, max-video-preview:-1\" \/>\n<link rel=\"canonical\" href=\"https:\/\/jilzine.com\/fr\/communiquer-pour-prevenir\/\" \/>\n<meta property=\"og:locale\" content=\"fr_FR\" \/>\n<meta property=\"og:type\" content=\"article\" \/>\n<meta property=\"og:title\" content=\"Communiquer pour pr\u00e9venir - Jil Zine\" \/>\n<meta property=\"og:description\" content=\"Nous sommes une association de sensibilisation aux m\u00e9faits des drogues. &quot;Tous concern\u00e9s, tous responsables&quot;.\" \/>\n<meta property=\"og:url\" content=\"https:\/\/jilzine.com\/fr\/communiquer-pour-prevenir\/\" \/>\n<meta property=\"og:site_name\" content=\"Jil Zine\" \/>\n<meta name=\"twitter:card\" content=\"summary_large_image\" \/>\n<meta name=\"twitter:label1\" content=\"Dur\u00e9e de lecture estim\u00e9e\" \/>\n\t<meta name=\"twitter:data1\" content=\"3 minutes\" \/>\n<script type=\"application\/ld+json\" class=\"yoast-schema-graph\">{\"@context\":\"https:\/\/schema.org\",\"@graph\":[{\"@type\":\"WebSite\",\"@id\":\"https:\/\/jilzine.com\/#website\",\"url\":\"https:\/\/jilzine.com\/\",\"name\":\"Jil Zine\",\"description\":\"Association de sensibilisation aux m\u00e9faits des drogues\",\"potentialAction\":[{\"@type\":\"SearchAction\",\"target\":{\"@type\":\"EntryPoint\",\"urlTemplate\":\"https:\/\/jilzine.com\/?s={search_term_string}\"},\"query-input\":\"required name=search_term_string\"}],\"inLanguage\":\"fr-FR\"},{\"@type\":\"WebPage\",\"@id\":\"https:\/\/jilzine.com\/communiquer-pour-prevenir\/#webpage\",\"url\":\"https:\/\/jilzine.com\/communiquer-pour-prevenir\/\",\"name\":\"Communiquer pour pr\u00e9venir - Jil Zine\",\"isPartOf\":{\"@id\":\"https:\/\/jilzine.com\/#website\"},\"datePublished\":\"2022-03-24T23:27:37+00:00\",\"dateModified\":\"2022-03-24T23:27:37+00:00\",\"description\":\"Nous sommes une association de sensibilisation aux m\u00e9faits des drogues. \\\"Tous concern\u00e9s, tous responsables\\\".\",\"breadcrumb\":{\"@id\":\"https:\/\/jilzine.com\/communiquer-pour-prevenir\/#breadcrumb\"},\"inLanguage\":\"fr-FR\",\"potentialAction\":[{\"@type\":\"ReadAction\",\"target\":[\"https:\/\/jilzine.com\/communiquer-pour-prevenir\/\"]}]},{\"@type\":\"BreadcrumbList\",\"@id\":\"https:\/\/jilzine.com\/communiquer-pour-prevenir\/#breadcrumb\",\"itemListElement\":[{\"@type\":\"ListItem\",\"position\":1,\"name\":\"Accueil\",\"item\":\"https:\/\/jilzine.com\/\"},{\"@type\":\"ListItem\",\"position\":2,\"name\":\"Communiquer pour pr\u00e9venir\"}]}]}<\/script>\n<!-- \/ Yoast SEO plugin. -->","yoast_head_json":{"title":"Communiquer pour pr\u00e9venir - Jil Zine","description":"Nous sommes une association de sensibilisation aux m\u00e9faits des drogues. \"Tous concern\u00e9s, tous responsables\".","robots":{"index":"index","follow":"follow","max-snippet":"max-snippet:-1","max-image-preview":"max-image-preview:large","max-video-preview":"max-video-preview:-1"},"canonical":"https:\/\/jilzine.com\/fr\/communiquer-pour-prevenir\/","og_locale":"fr_FR","og_type":"article","og_title":"Communiquer pour pr\u00e9venir - Jil Zine","og_description":"Nous sommes une association de sensibilisation aux m\u00e9faits des drogues. \"Tous concern\u00e9s, tous responsables\".","og_url":"https:\/\/jilzine.com\/fr\/communiquer-pour-prevenir\/","og_site_name":"Jil Zine","twitter_card":"summary_large_image","twitter_misc":{"Dur\u00e9e de lecture estim\u00e9e":"3 minutes"},"schema":{"@context":"https:\/\/schema.org","@graph":[{"@type":"WebSite","@id":"https:\/\/jilzine.com\/#website","url":"https:\/\/jilzine.com\/","name":"Jil Zine","description":"Association de sensibilisation aux m\u00e9faits des drogues","potentialAction":[{"@type":"SearchAction","target":{"@type":"EntryPoint","urlTemplate":"https:\/\/jilzine.com\/?s={search_term_string}"},"query-input":"required name=search_term_string"}],"inLanguage":"fr-FR"},{"@type":"WebPage","@id":"https:\/\/jilzine.com\/communiquer-pour-prevenir\/#webpage","url":"https:\/\/jilzine.com\/communiquer-pour-prevenir\/","name":"Communiquer pour pr\u00e9venir - Jil Zine","isPartOf":{"@id":"https:\/\/jilzine.com\/#website"},"datePublished":"2022-03-24T23:27:37+00:00","dateModified":"2022-03-24T23:27:37+00:00","description":"Nous sommes une association de sensibilisation aux m\u00e9faits des drogues. \"Tous concern\u00e9s, tous responsables\".","breadcrumb":{"@id":"https:\/\/jilzine.com\/communiquer-pour-prevenir\/#breadcrumb"},"inLanguage":"fr-FR","potentialAction":[{"@type":"ReadAction","target":["https:\/\/jilzine.com\/communiquer-pour-prevenir\/"]}]},{"@type":"BreadcrumbList","@id":"https:\/\/jilzine.com\/communiquer-pour-prevenir\/#breadcrumb","itemListElement":[{"@type":"ListItem","position":1,"name":"Accueil","item":"https:\/\/jilzine.com\/"},{"@type":"ListItem","position":2,"name":"Communiquer pour pr\u00e9venir"}]}]}},"_links":{"self":[{"href":"https:\/\/jilzine.com\/fr\/wp-json\/wp\/v2\/pages\/6068"}],"collection":[{"href":"https:\/\/jilzine.com\/fr\/wp-json\/wp\/v2\/pages"}],"about":[{"href":"https:\/\/jilzine.com\/fr\/wp-json\/wp\/v2\/types\/page"}],"author":[{"embeddable":true,"href":"https:\/\/jilzine.com\/fr\/wp-json\/wp\/v2\/users\/1"}],"replies":[{"embeddable":true,"href":"https:\/\/jilzine.com\/fr\/wp-json\/wp\/v2\/comments?post=6068"}],"version-history":[{"count":0,"href":"https:\/\/jilzine.com\/fr\/wp-json\/wp\/v2\/pages\/6068\/revisions"}],"wp:attachment":[{"href":"https:\/\/jilzine.com\/fr\/wp-json\/wp\/v2\/media?parent=6068"}],"curies":[{"name":"wp","href":"https:\/\/api.w.org\/{rel}","templated":true}]}}