{"id":5980,"date":"2022-03-09T09:49:15","date_gmt":"2022-03-09T09:49:15","guid":{"rendered":"https:\/\/jilzine.com\/?page_id=5980"},"modified":"2022-04-06T13:24:10","modified_gmt":"2022-04-06T13:24:10","slug":"comprendre-mes-parents-et-leurs-reactions","status":"publish","type":"page","link":"https:\/\/jilzine.com\/fr\/comprendre-mes-parents-et-leurs-reactions\/","title":{"rendered":"Comprendre mes parents et leurs r\u00e9actions"},"content":{"rendered":"<div data-elementor-type=\"wp-page\" data-elementor-id=\"5980\" class=\"elementor elementor-5980\" data-elementor-settings=\"[]\">\n\t\t\t\t\t\t<div class=\"elementor-inner\">\n\t\t\t\t\t\t\t<div class=\"elementor-section-wrap\">\n\t\t\t\t\t\t\t<section data-particle_enable=\"false\" data-particle-mobile-disabled=\"false\" class=\"elementor-section elementor-top-section elementor-element elementor-element-cab3676 elementor-section-boxed elementor-section-gap-beside-yes elementor-section-height-default elementor-section-height-default elementor-section-column-vertical-align-stretch\" data-id=\"cab3676\" data-element_type=\"section\">\n\t\t\t\t\t\t<div class=\"elementor-container elementor-column-gap-extended\">\n\t\t\t\t\t\t\t<div class=\"elementor-row\">\n\t\t\t\t\t<div class=\"elementor-column elementor-col-100 elementor-top-column elementor-element elementor-element-82e0334\" data-id=\"82e0334\" data-element_type=\"column\">\n\t\t\t<div class=\"elementor-column-wrap elementor-element-populated\">\n\t\t\t\t\t\t\t<div class=\"elementor-widget-wrap\">\n\t\t\t\t\t\t<div class=\"elementor-element elementor-element-8b40191 elementor-widget elementor-widget-text-editor\" data-id=\"8b40191\" data-element_type=\"widget\" data-widget_type=\"text-editor.default\">\n\t\t\t\t<div class=\"elementor-widget-container\">\n\t\t\t\t\t\t\t\t<div class=\"elementor-text-editor elementor-clearfix\">\n\t\t\t\t<blockquote><p><span style=\"color: #991c6f;\"><strong>M\u00eame s\u2019ils ne le montrent pas toujours, tous les parents aiment leur enfant.<\/strong><\/span><\/p><\/blockquote><p><span style=\"color: #030303;\">Souvent ils ne montrent pas une affection d\u00e9bordante parce qu\u2019ils ont eux-m\u00eames re\u00e7u une \u00e9ducation o\u00f9 les parents gardaient une certaine distance avec leurs enfants. Parfois aussi, pour certains p\u00e8res, afficher ses sentiments &#8220;ne fait pas viril&#8221;, c\u2019est &#8220;affaire de femmes&#8221;.<\/span><br \/><span style=\"color: #030303;\"><strong>Cela ne les emp\u00eache pas d\u2019aimer profond\u00e9ment leur enfant<\/strong>.<\/span><\/p><p><span style=\"color: #030303;\">M\u00eame les parents qui battent leur enfant, en g\u00e9n\u00e9ral disent qu&#8217;ils l&#8217;aiment, mais ils ne savent pas comment r\u00e9agir devant des probl\u00e8mes d&#8217;\u00e9ducation qui les d\u00e9passent et se laissent alors aller \u00e0 la violence.<\/span><\/p><blockquote><p><span style=\"color: #991c6f;\"><strong>\u00a0Les parents ont souvent beaucoup d\u2019ambition pour leurs enfants.<\/strong><\/span><\/p><\/blockquote><p><span style=\"color: #030303;\">Ils connaissent par exp\u00e9rience les difficult\u00e9s de la vie et souhaitent que leur enfant ait les meilleurs atouts pour avoir une bonne profession. Ils font beaucoup d\u2019efforts pour cela et font m\u00eame souvent une fixation sur ce sujet.<\/span><br \/><span style=\"color: #030303;\">\u201cIls ont du mal \u00e0 admettre que l\u2019on puisse \u00eatre heureux sans faire de bonnes \u00e9tudes\u201d.<\/span><\/p><p><span style=\"color: #030303;\">Alors, si vous ne r\u00e9ussissez pas dans les \u00e9tudes ou dans une formation professionnelle, ils sont d\u00e9\u00e7us et peuvent vous traiter comme un &#8220;moins que rien&#8221; dans un moment de d\u00e9couragement. Cela ne les emp\u00eache pas de vous aimer.<\/span><\/p><blockquote><p><span style=\"color: #991c6f;\"><strong>Les parents ne savent pas toujours dialoguer avec leurs enfants.<\/strong><\/span><\/p><\/blockquote><p><span style=\"color: #030303;\">Les parents sont parfois maladroits dans la relation avec leurs enfants. Leur responsabilit\u00e9 \u00e9ducative les rend inquiets et ils ont peur de ne pas savoir expliquer ou justifier leurs principes d&#8217;\u00e9ducation et de perdre leur autorit\u00e9 en discutant. Alors ils pr\u00e9f\u00e8rent s&#8217;abstenir de dialoguer et se construisent ainsi une sorte de rempart confortable.<\/span><br \/><span style=\"color: #030303;\">Vous avez alors l&#8217;impression qu&#8217;ils ne vous comprennent pas. C&#8217;est en fait rarement le cas.<\/span><br \/><span style=\"color: #030303;\"><strong>Si vous avez du mal \u00e0 dialoguer avec eux, <\/strong>essayez plut\u00f4t de forcer le dialogue en leur disant ouvertement vos pens\u00e9es, vos doutes, vos sentiments.\u00a0<strong>Ils finiront par vous \u00e9couter !<\/strong><\/span><\/p><p><span style=\"color: #030303;\">Dans les cas, o\u00f9 le dialogue reste impossible,\u00a0<strong>ne vous renfermez pas sur vous-m\u00eame<\/strong>, vous pouvez trouver d&#8217;autres adultes en qui vous avez confiance pour parler.<\/span><\/p><p><span style=\"color: #030303;\"><strong>Lorsqu&#8217;on est jeune, il est fondamental de pouvoir exprimer ses interrogations, ses doutes et ses r\u00e9voltes aupr\u00e8s d&#8217;un adulte.<\/strong><\/span><\/p><blockquote><p><span style=\"color: #991c6f;\"><strong>\u00a0Les parents ont peur de la drogue.<\/strong><\/span><\/p><\/blockquote><p><span style=\"color: #030303;\">Avec raison quand on sait les d\u00e9g\u00e2ts qu\u2019elle peut causer. Mais leur peur est souvent irraisonn\u00e9e car ils imaginent toujours le pire et ne savent pas comment r\u00e9agir face \u00e0 la drogue.<\/span><\/p><p><span style=\"color: #030303;\">Par contre, ils sous-estiment souvent les dangers du tabac parce qu&#8217;ils en ont l\u2019habitude.<\/span><br \/><br \/><\/p><blockquote><p><span style=\"color: #991c6f;\"><strong>\u00a0Les parents n\u2019appr\u00e9cient pas les dangers de la m\u00eame mani\u00e8re.<\/strong><\/span><\/p><\/blockquote><p><span style=\"color: #030303;\">Vous aimez prendre des risques et &#8220;les dangers ne vous font pas peur&#8221;, surtout ceux que vous n&#8217;avez pas v\u00e9cus ! Eux, ils ont une certaine exp\u00e9rience, ils ont vu et connaissent les cons\u00e9quences de beaucoup de dangers et d&#8217;accidents que souvent vous sous-estimez ou n\u00e9gligez.<\/span><\/p><p><span style=\"color: #030303;\">\u00a0Ils veulent vous \u00e9pargner un maximum de dangers pr\u00e9sents ou futurs, en particulier, les dangers qui vous paraissent lointains et que vous pensez (souvent \u00e0 tort) ma\u00eetrisables. Ils ne voient pas l\u2019avenir avec la m\u00eame \u00e9chelle de temps.<\/span><\/p><p><span style=\"color: #cc0a0a;\"><strong>Exemple<\/strong>\u00a0: &#8220;si tu fumes, tu auras un cancer \u00e0 60 ans!&#8221;.<\/span><\/p><p><span style=\"color: #030303;\">Pour vous qui avez 15 ans, vous n&#8217;avez jamais vu personne mourir \u00e0 cause du tabac, ce n&#8217;est qu&#8217;une vague hypoth\u00e8se. Et puis il vous reste encore 45 ans soit 3 fois la dur\u00e9e de votre vie pass\u00e9e, c\u2019est tr\u00e8s tr\u00e8s loin. Cet argument pour cesser de fumer ne vous touche donc pas.<\/span><\/p><p><span style=\"color: #030303;\">Pour eux qui ont 45 ans, ils ont peut-\u00eatre d\u00e9j\u00e0 vu un ami, un parent ou un coll\u00e8gue mourir d&#8217;un cancer du poumon, souvent dans d&#8217;affreuses souffrances. Ce n&#8217;est plus une hypoth\u00e8se, c&#8217;est un danger concret. En plus il ne leur reste plus que 15 ans avant d&#8217;avoir 60 ans, soit seulement 1\/3 de leur vie pass\u00e9e,<\/span><\/p><p><span style=\"color: #030303;\"><strong>Cela leur semble 9 fois plus proche que pour vous !<\/strong><\/span><\/p><p><span style=\"color: #030303;\">Ils attachent donc beaucoup plus d\u2019importance que vous \u00e0 tous les dangers, m\u00eame ceux qui vous paraissent lointains parce que, souvent, ils en ont vu les cons\u00e9quences et que, pour eux, ils ne paraissent pas lointains du tout.<\/span><\/p>\t\t\t\t\t<\/div>\n\t\t\t\t\t\t<\/div>\n\t\t\t\t<\/div>\n\t\t\t\t\t\t<\/div>\n\t\t\t\t\t<\/div>\n\t\t<\/div>\n\t\t\t\t\t\t\t\t<\/div>\n\t\t\t\t\t<\/div>\n\t\t<\/section>\n\t\t\t\t\t\t<\/div>\n\t\t\t\t\t\t<\/div>\n\t\t\t\t\t<\/div>","protected":false},"excerpt":{"rendered":"<p>M\u00eame s\u2019ils ne le montrent pas toujours, tous les parents aiment leur enfant. Souvent ils ne montrent pas une affection d\u00e9bordante parce qu\u2019ils ont eux-m\u00eames re\u00e7u une \u00e9ducation o\u00f9 les parents gardaient une certaine distance avec leurs enfants. Parfois aussi, pour certains p\u00e8res, afficher ses sentiments &#8220;ne fait pas viril&#8221;, c\u2019est &#8220;affaire de femmes&#8221;.Cela ne les emp\u00eache pas d\u2019aimer profond\u00e9ment leur enfant. M\u00eame les parents qui battent leur enfant, en g\u00e9n\u00e9ral disent qu&#8217;ils l&#8217;aiment, mais ils ne savent pas comment r\u00e9agir devant des probl\u00e8mes d&#8217;\u00e9ducation qui les d\u00e9passent et se laissent alors aller \u00e0 la violence. \u00a0Les parents ont souvent beaucoup d\u2019ambition pour leurs enfants. Ils connaissent par exp\u00e9rience les difficult\u00e9s de la vie et souhaitent que leur enfant ait les meilleurs atouts pour avoir une bonne profession. Ils font beaucoup d\u2019efforts pour cela et font m\u00eame souvent une fixation sur ce sujet.\u201cIls ont du mal \u00e0 admettre que l\u2019on puisse \u00eatre heureux sans faire de bonnes \u00e9tudes\u201d. Alors, si vous ne r\u00e9ussissez pas dans les \u00e9tudes ou dans une formation professionnelle, ils sont d\u00e9\u00e7us et peuvent vous traiter comme un &#8220;moins que rien&#8221; dans un moment de d\u00e9couragement. Cela ne les emp\u00eache pas de vous aimer. Les parents ne savent pas toujours dialoguer avec leurs enfants. Les parents sont parfois maladroits dans la relation avec leurs enfants. Leur responsabilit\u00e9 \u00e9ducative les rend inquiets et ils ont peur de ne pas savoir expliquer ou justifier leurs principes d&#8217;\u00e9ducation et de perdre leur autorit\u00e9 en discutant. Alors ils pr\u00e9f\u00e8rent s&#8217;abstenir de dialoguer et se construisent ainsi une sorte de rempart confortable.Vous avez alors l&#8217;impression qu&#8217;ils ne vous comprennent pas. C&#8217;est en fait rarement le cas.Si vous avez du mal \u00e0 dialoguer avec eux, essayez plut\u00f4t de forcer le dialogue en leur disant ouvertement vos pens\u00e9es, vos doutes, vos sentiments.\u00a0Ils finiront par vous \u00e9couter ! Dans les cas, o\u00f9 le dialogue reste impossible,\u00a0ne vous renfermez pas sur vous-m\u00eame, vous pouvez trouver d&#8217;autres adultes en qui vous avez confiance pour parler. Lorsqu&#8217;on est jeune, il est fondamental de pouvoir exprimer ses interrogations, ses doutes et ses r\u00e9voltes aupr\u00e8s d&#8217;un adulte. \u00a0Les parents ont peur de la drogue. Avec raison quand on sait les d\u00e9g\u00e2ts qu\u2019elle peut causer. Mais leur peur est souvent irraisonn\u00e9e car ils imaginent toujours le pire et ne savent pas comment r\u00e9agir face \u00e0 la drogue. Par contre, ils sous-estiment souvent les dangers du tabac parce qu&#8217;ils en ont l\u2019habitude. \u00a0Les parents n\u2019appr\u00e9cient pas les dangers de la m\u00eame mani\u00e8re. Vous aimez prendre des risques et &#8220;les dangers ne vous font pas peur&#8221;, surtout ceux que vous n&#8217;avez pas v\u00e9cus ! Eux, ils ont une certaine exp\u00e9rience, ils ont vu et connaissent les cons\u00e9quences de beaucoup de dangers et d&#8217;accidents que souvent vous sous-estimez ou n\u00e9gligez. \u00a0Ils veulent vous \u00e9pargner un maximum de dangers pr\u00e9sents ou futurs, en particulier, les dangers qui vous paraissent lointains et que vous pensez (souvent \u00e0 tort) ma\u00eetrisables. Ils ne voient pas l\u2019avenir avec la m\u00eame \u00e9chelle de temps. Exemple\u00a0: &#8220;si tu fumes, tu auras un cancer \u00e0 60 ans!&#8221;. Pour vous qui avez 15 ans, vous n&#8217;avez jamais vu personne mourir \u00e0 cause du tabac, ce n&#8217;est qu&#8217;une vague hypoth\u00e8se. Et puis il vous reste encore 45 ans soit 3 fois la dur\u00e9e de votre vie pass\u00e9e, c\u2019est tr\u00e8s tr\u00e8s loin. Cet argument pour cesser de fumer ne vous touche donc pas. Pour eux qui ont 45 ans, ils ont peut-\u00eatre d\u00e9j\u00e0 vu un ami, un parent ou un coll\u00e8gue mourir d&#8217;un cancer du poumon, souvent dans d&#8217;affreuses souffrances. Ce n&#8217;est plus une hypoth\u00e8se, c&#8217;est un danger concret. En plus il ne leur reste plus que 15 ans avant d&#8217;avoir 60 ans, soit seulement 1\/3 de leur vie pass\u00e9e, Cela leur semble 9 fois plus proche que pour vous ! Ils attachent donc beaucoup plus d\u2019importance que vous \u00e0 tous les dangers, m\u00eame ceux qui vous paraissent lointains parce que, souvent, ils en ont vu les cons\u00e9quences et que, pour eux, ils ne paraissent pas lointains du tout.<\/p>","protected":false},"author":1,"featured_media":0,"parent":0,"menu_order":0,"comment_status":"closed","ping_status":"closed","template":"","meta":[],"yoast_head":"<!-- This site is optimized with the Yoast SEO plugin v18.6 - https:\/\/yoast.com\/wordpress\/plugins\/seo\/ -->\n<title>Comprendre mes parents et leurs r\u00e9actions - Jil Zine<\/title>\n<meta name=\"description\" content=\"Nous sommes une association de sensibilisation aux m\u00e9faits des drogues. &quot;Tous concern\u00e9s, tous responsables&quot;.\" \/>\n<meta name=\"robots\" content=\"index, follow, max-snippet:-1, max-image-preview:large, max-video-preview:-1\" \/>\n<link rel=\"canonical\" href=\"https:\/\/jilzine.com\/fr\/comprendre-mes-parents-et-leurs-reactions\/\" \/>\n<meta property=\"og:locale\" content=\"fr_FR\" \/>\n<meta property=\"og:type\" content=\"article\" \/>\n<meta property=\"og:title\" content=\"Comprendre mes parents et leurs r\u00e9actions - Jil Zine\" \/>\n<meta property=\"og:description\" content=\"Nous sommes une association de sensibilisation aux m\u00e9faits des drogues. &quot;Tous concern\u00e9s, tous responsables&quot;.\" \/>\n<meta property=\"og:url\" content=\"https:\/\/jilzine.com\/fr\/comprendre-mes-parents-et-leurs-reactions\/\" \/>\n<meta property=\"og:site_name\" content=\"Jil Zine\" \/>\n<meta property=\"article:modified_time\" content=\"2022-04-06T13:24:10+00:00\" \/>\n<meta name=\"twitter:card\" content=\"summary_large_image\" \/>\n<meta name=\"twitter:label1\" content=\"Dur\u00e9e de lecture estim\u00e9e\" \/>\n\t<meta name=\"twitter:data1\" content=\"4 minutes\" \/>\n<script type=\"application\/ld+json\" class=\"yoast-schema-graph\">{\"@context\":\"https:\/\/schema.org\",\"@graph\":[{\"@type\":\"WebSite\",\"@id\":\"https:\/\/jilzine.com\/#website\",\"url\":\"https:\/\/jilzine.com\/\",\"name\":\"Jil Zine\",\"description\":\"Association de sensibilisation aux m\u00e9faits des drogues\",\"potentialAction\":[{\"@type\":\"SearchAction\",\"target\":{\"@type\":\"EntryPoint\",\"urlTemplate\":\"https:\/\/jilzine.com\/?s={search_term_string}\"},\"query-input\":\"required name=search_term_string\"}],\"inLanguage\":\"fr-FR\"},{\"@type\":\"WebPage\",\"@id\":\"https:\/\/jilzine.com\/fr\/comprendre-mes-parents-et-leurs-reactions\/#webpage\",\"url\":\"https:\/\/jilzine.com\/fr\/comprendre-mes-parents-et-leurs-reactions\/\",\"name\":\"Comprendre mes parents et leurs r\u00e9actions - Jil Zine\",\"isPartOf\":{\"@id\":\"https:\/\/jilzine.com\/#website\"},\"datePublished\":\"2022-03-09T09:49:15+00:00\",\"dateModified\":\"2022-04-06T13:24:10+00:00\",\"description\":\"Nous sommes une association de sensibilisation aux m\u00e9faits des drogues. \\\"Tous concern\u00e9s, tous responsables\\\".\",\"breadcrumb\":{\"@id\":\"https:\/\/jilzine.com\/fr\/comprendre-mes-parents-et-leurs-reactions\/#breadcrumb\"},\"inLanguage\":\"fr-FR\",\"potentialAction\":[{\"@type\":\"ReadAction\",\"target\":[\"https:\/\/jilzine.com\/fr\/comprendre-mes-parents-et-leurs-reactions\/\"]}]},{\"@type\":\"BreadcrumbList\",\"@id\":\"https:\/\/jilzine.com\/fr\/comprendre-mes-parents-et-leurs-reactions\/#breadcrumb\",\"itemListElement\":[{\"@type\":\"ListItem\",\"position\":1,\"name\":\"Accueil\",\"item\":\"https:\/\/jilzine.com\/\"},{\"@type\":\"ListItem\",\"position\":2,\"name\":\"Comprendre mes parents et leurs r\u00e9actions\"}]}]}<\/script>\n<!-- \/ Yoast SEO plugin. -->","yoast_head_json":{"title":"Comprendre mes parents et leurs r\u00e9actions - Jil Zine","description":"Nous sommes une association de sensibilisation aux m\u00e9faits des drogues. \"Tous concern\u00e9s, tous responsables\".","robots":{"index":"index","follow":"follow","max-snippet":"max-snippet:-1","max-image-preview":"max-image-preview:large","max-video-preview":"max-video-preview:-1"},"canonical":"https:\/\/jilzine.com\/fr\/comprendre-mes-parents-et-leurs-reactions\/","og_locale":"fr_FR","og_type":"article","og_title":"Comprendre mes parents et leurs r\u00e9actions - Jil Zine","og_description":"Nous sommes une association de sensibilisation aux m\u00e9faits des drogues. \"Tous concern\u00e9s, tous responsables\".","og_url":"https:\/\/jilzine.com\/fr\/comprendre-mes-parents-et-leurs-reactions\/","og_site_name":"Jil Zine","article_modified_time":"2022-04-06T13:24:10+00:00","twitter_card":"summary_large_image","twitter_misc":{"Dur\u00e9e de lecture estim\u00e9e":"4 minutes"},"schema":{"@context":"https:\/\/schema.org","@graph":[{"@type":"WebSite","@id":"https:\/\/jilzine.com\/#website","url":"https:\/\/jilzine.com\/","name":"Jil Zine","description":"Association de sensibilisation aux m\u00e9faits des drogues","potentialAction":[{"@type":"SearchAction","target":{"@type":"EntryPoint","urlTemplate":"https:\/\/jilzine.com\/?s={search_term_string}"},"query-input":"required name=search_term_string"}],"inLanguage":"fr-FR"},{"@type":"WebPage","@id":"https:\/\/jilzine.com\/fr\/comprendre-mes-parents-et-leurs-reactions\/#webpage","url":"https:\/\/jilzine.com\/fr\/comprendre-mes-parents-et-leurs-reactions\/","name":"Comprendre mes parents et leurs r\u00e9actions - Jil Zine","isPartOf":{"@id":"https:\/\/jilzine.com\/#website"},"datePublished":"2022-03-09T09:49:15+00:00","dateModified":"2022-04-06T13:24:10+00:00","description":"Nous sommes une association de sensibilisation aux m\u00e9faits des drogues. \"Tous concern\u00e9s, tous responsables\".","breadcrumb":{"@id":"https:\/\/jilzine.com\/fr\/comprendre-mes-parents-et-leurs-reactions\/#breadcrumb"},"inLanguage":"fr-FR","potentialAction":[{"@type":"ReadAction","target":["https:\/\/jilzine.com\/fr\/comprendre-mes-parents-et-leurs-reactions\/"]}]},{"@type":"BreadcrumbList","@id":"https:\/\/jilzine.com\/fr\/comprendre-mes-parents-et-leurs-reactions\/#breadcrumb","itemListElement":[{"@type":"ListItem","position":1,"name":"Accueil","item":"https:\/\/jilzine.com\/"},{"@type":"ListItem","position":2,"name":"Comprendre mes parents et leurs r\u00e9actions"}]}]}},"_links":{"self":[{"href":"https:\/\/jilzine.com\/fr\/wp-json\/wp\/v2\/pages\/5980"}],"collection":[{"href":"https:\/\/jilzine.com\/fr\/wp-json\/wp\/v2\/pages"}],"about":[{"href":"https:\/\/jilzine.com\/fr\/wp-json\/wp\/v2\/types\/page"}],"author":[{"embeddable":true,"href":"https:\/\/jilzine.com\/fr\/wp-json\/wp\/v2\/users\/1"}],"replies":[{"embeddable":true,"href":"https:\/\/jilzine.com\/fr\/wp-json\/wp\/v2\/comments?post=5980"}],"version-history":[{"count":2,"href":"https:\/\/jilzine.com\/fr\/wp-json\/wp\/v2\/pages\/5980\/revisions"}],"predecessor-version":[{"id":6065,"href":"https:\/\/jilzine.com\/fr\/wp-json\/wp\/v2\/pages\/5980\/revisions\/6065"}],"wp:attachment":[{"href":"https:\/\/jilzine.com\/fr\/wp-json\/wp\/v2\/media?parent=5980"}],"curies":[{"name":"wp","href":"https:\/\/api.w.org\/{rel}","templated":true}]}}