{"id":5979,"date":"2022-03-09T09:48:48","date_gmt":"2022-03-09T09:48:48","guid":{"rendered":"https:\/\/jilzine.com\/?page_id=5979"},"modified":"2022-04-06T13:24:10","modified_gmt":"2022-04-06T13:24:10","slug":"comment-refuser-loffre-des-copains-ou-des-dealers","status":"publish","type":"page","link":"https:\/\/jilzine.com\/fr\/comment-refuser-loffre-des-copains-ou-des-dealers\/","title":{"rendered":"Comment refuser l\u2019offre des copains ou des dealers"},"content":{"rendered":"<div data-elementor-type=\"wp-page\" data-elementor-id=\"5979\" class=\"elementor elementor-5979\" data-elementor-settings=\"[]\">\n\t\t\t\t\t\t<div class=\"elementor-inner\">\n\t\t\t\t\t\t\t<div class=\"elementor-section-wrap\">\n\t\t\t\t\t\t\t<section data-particle_enable=\"false\" data-particle-mobile-disabled=\"false\" class=\"elementor-section elementor-top-section elementor-element elementor-element-f1485dc elementor-section-boxed elementor-section-gap-beside-yes elementor-section-height-default elementor-section-height-default elementor-section-column-vertical-align-stretch\" data-id=\"f1485dc\" data-element_type=\"section\">\n\t\t\t\t\t\t<div class=\"elementor-container elementor-column-gap-extended\">\n\t\t\t\t\t\t\t<div class=\"elementor-row\">\n\t\t\t\t\t<div class=\"elementor-column elementor-col-100 elementor-top-column elementor-element elementor-element-218feba\" data-id=\"218feba\" data-element_type=\"column\">\n\t\t\t<div class=\"elementor-column-wrap elementor-element-populated\">\n\t\t\t\t\t\t\t<div class=\"elementor-widget-wrap\">\n\t\t\t\t\t\t<div class=\"elementor-element elementor-element-68efd9e elementor-widget elementor-widget-text-editor\" data-id=\"68efd9e\" data-element_type=\"widget\" data-widget_type=\"text-editor.default\">\n\t\t\t\t<div class=\"elementor-widget-container\">\n\t\t\t\t\t\t\t\t<div class=\"elementor-text-editor elementor-clearfix\">\n\t\t\t\t<p><span style=\"color: #000000;\"><strong>Refuser est un acte de force et non de faiblesse.<\/strong> M\u00eame si les copains ne le disent pas, c\u2019est plut\u00f4t valorisant.<\/span><\/p><p><span style=\"color: #000000;\">Rappelez vous que les dealers se moquent bien de vos probl\u00e8mes et de vos envies, ils n\u2019en veulent qu\u2019\u00e0 votre argent.<\/span><br \/><span style=\"color: #000000;\">Ils ont plein de trucs pour vous faire consommer et vous rendre d\u00e9pendant, comme se pr\u00e9senter de fa\u00e7on amicale et vous offrir de la drogue gratuitement au d\u00e9but. &#8220;<em><strong><span style=\"color: #333399;\">essaye \u00e7a, tu verras, tu te sentira bien !<\/span><\/strong><\/em>&#8220;ou &#8220;<strong><span style=\"color: #333399;\"><i>\u00e7a ira mieux !<\/i><\/span><\/strong>&#8220;ou &#8220;<em><strong><span style=\"color: #333399;\">avec \u00e7a, tu es s\u00fbr de tenir toute la nuit !<\/span><\/strong><\/em>&#8221; ou encore &#8220;<em><strong><span style=\"color: #333399;\">essaye juste une fois, il n&#8217;y a pas de risque !<\/span><\/strong><\/em>&#8220;. Ils sont s\u00fbrs, eux, que vous deviendrez d\u00e9pendant et qu\u2019ils pourront alors vous soutirer tout l\u2019argent qu\u2019ils d\u00e9sirent.<\/span><br \/><span style=\"color: #000000;\">Avec un dealer, il suffit de dire fermement &#8220;non&#8221;,\u00a0<b>de refuser de discuter<\/b>, de s\u2019\u00e9loigner et de l\u2019\u00e9viter ensuite.<\/span><\/p><p><span style=\"color: #000000;\">Avec les amis, c\u2019est plus d\u00e9licat car on a envie de rester avec eux et que l\u2019on a pas envie de les perdre. Pourtant, quand ils sont sous l\u2019effet de la drogue, ils ne sont pas forc\u00e9ment tr\u00e8s int\u00e9ressants. Il est donc pr\u00e9f\u00e9rable de s\u2019\u00e9loigner et de les revoir \u00e0 un autre moment quand ils ne consomment pas.<\/span><\/p><p><span style=\"color: #000000;\"><strong>Ce n\u2019est pas une honte de refuser de prendre de la drogue, d&#8217;ailleurs la tr\u00e8s grande majorit\u00e9 des jeunes n&#8217;en consomme pas.<\/strong><\/span><br \/><span style=\"color: #000000;\">Comme ce n\u2019est pas une honte de ne pas fumer, cela n\u2019emp\u00eache pas d\u2019avoir des amis fumeurs.<\/span><\/p><p><span style=\"color: #000000;\">Si vous vous sentez alors exclu du groupe, cela signifie que seule la drogue est le moteur de ce groupe et que le lien qui vous unit est totalement artificiel. Il vaut mieux alors chercher des amis ailleurs.<\/span><\/p>\t\t\t\t\t<\/div>\n\t\t\t\t\t\t<\/div>\n\t\t\t\t<\/div>\n\t\t\t\t\t\t<\/div>\n\t\t\t\t\t<\/div>\n\t\t<\/div>\n\t\t\t\t\t\t\t\t<\/div>\n\t\t\t\t\t<\/div>\n\t\t<\/section>\n\t\t\t\t\t\t<\/div>\n\t\t\t\t\t\t<\/div>\n\t\t\t\t\t<\/div>","protected":false},"excerpt":{"rendered":"<p>Refuser est un acte de force et non de faiblesse. M\u00eame si les copains ne le disent pas, c\u2019est plut\u00f4t valorisant. Rappelez vous que les dealers se moquent bien de vos probl\u00e8mes et de vos envies, ils n\u2019en veulent qu\u2019\u00e0 votre argent.Ils ont plein de trucs pour vous faire consommer et vous rendre d\u00e9pendant, comme se pr\u00e9senter de fa\u00e7on amicale et vous offrir de la drogue gratuitement au d\u00e9but. &#8220;essaye \u00e7a, tu verras, tu te sentira bien !&#8220;ou &#8220;\u00e7a ira mieux !&#8220;ou &#8220;avec \u00e7a, tu es s\u00fbr de tenir toute la nuit !&#8221; ou encore &#8220;essaye juste une fois, il n&#8217;y a pas de risque !&#8220;. Ils sont s\u00fbrs, eux, que vous deviendrez d\u00e9pendant et qu\u2019ils pourront alors vous soutirer tout l\u2019argent qu\u2019ils d\u00e9sirent.Avec un dealer, il suffit de dire fermement &#8220;non&#8221;,\u00a0de refuser de discuter, de s\u2019\u00e9loigner et de l\u2019\u00e9viter ensuite. Avec les amis, c\u2019est plus d\u00e9licat car on a envie de rester avec eux et que l\u2019on a pas envie de les perdre. Pourtant, quand ils sont sous l\u2019effet de la drogue, ils ne sont pas forc\u00e9ment tr\u00e8s int\u00e9ressants. Il est donc pr\u00e9f\u00e9rable de s\u2019\u00e9loigner et de les revoir \u00e0 un autre moment quand ils ne consomment pas. Ce n\u2019est pas une honte de refuser de prendre de la drogue, d&#8217;ailleurs la tr\u00e8s grande majorit\u00e9 des jeunes n&#8217;en consomme pas.Comme ce n\u2019est pas une honte de ne pas fumer, cela n\u2019emp\u00eache pas d\u2019avoir des amis fumeurs. Si vous vous sentez alors exclu du groupe, cela signifie que seule la drogue est le moteur de ce groupe et que le lien qui vous unit est totalement artificiel. Il vaut mieux alors chercher des amis ailleurs.<\/p>","protected":false},"author":1,"featured_media":0,"parent":0,"menu_order":0,"comment_status":"closed","ping_status":"closed","template":"","meta":[],"yoast_head":"<!-- This site is optimized with the Yoast SEO plugin v18.6 - https:\/\/yoast.com\/wordpress\/plugins\/seo\/ -->\n<title>Comment refuser l\u2019offre des copains ou des dealers - Jil Zine<\/title>\n<meta name=\"description\" content=\"Nous sommes une association de sensibilisation aux m\u00e9faits des drogues. &quot;Tous concern\u00e9s, tous responsables&quot;.\" \/>\n<meta name=\"robots\" content=\"index, follow, max-snippet:-1, max-image-preview:large, max-video-preview:-1\" \/>\n<link rel=\"canonical\" href=\"https:\/\/jilzine.com\/fr\/comment-refuser-loffre-des-copains-ou-des-dealers\/\" \/>\n<meta property=\"og:locale\" content=\"fr_FR\" \/>\n<meta property=\"og:type\" content=\"article\" \/>\n<meta property=\"og:title\" content=\"Comment refuser l\u2019offre des copains ou des dealers - Jil Zine\" \/>\n<meta property=\"og:description\" content=\"Nous sommes une association de sensibilisation aux m\u00e9faits des drogues. &quot;Tous concern\u00e9s, tous responsables&quot;.\" \/>\n<meta property=\"og:url\" content=\"https:\/\/jilzine.com\/fr\/comment-refuser-loffre-des-copains-ou-des-dealers\/\" \/>\n<meta property=\"og:site_name\" content=\"Jil Zine\" \/>\n<meta property=\"article:modified_time\" content=\"2022-04-06T13:24:10+00:00\" \/>\n<meta name=\"twitter:card\" content=\"summary_large_image\" \/>\n<meta name=\"twitter:label1\" content=\"Dur\u00e9e de lecture estim\u00e9e\" \/>\n\t<meta name=\"twitter:data1\" content=\"2 minutes\" \/>\n<script type=\"application\/ld+json\" class=\"yoast-schema-graph\">{\"@context\":\"https:\/\/schema.org\",\"@graph\":[{\"@type\":\"WebSite\",\"@id\":\"https:\/\/jilzine.com\/#website\",\"url\":\"https:\/\/jilzine.com\/\",\"name\":\"Jil Zine\",\"description\":\"Association de sensibilisation aux m\u00e9faits des drogues\",\"potentialAction\":[{\"@type\":\"SearchAction\",\"target\":{\"@type\":\"EntryPoint\",\"urlTemplate\":\"https:\/\/jilzine.com\/?s={search_term_string}\"},\"query-input\":\"required name=search_term_string\"}],\"inLanguage\":\"fr-FR\"},{\"@type\":\"WebPage\",\"@id\":\"https:\/\/jilzine.com\/comment-refuser-loffre-des-copains-ou-des-dealers\/#webpage\",\"url\":\"https:\/\/jilzine.com\/comment-refuser-loffre-des-copains-ou-des-dealers\/\",\"name\":\"Comment refuser l\u2019offre des copains ou des dealers - Jil Zine\",\"isPartOf\":{\"@id\":\"https:\/\/jilzine.com\/#website\"},\"datePublished\":\"2022-03-09T09:48:48+00:00\",\"dateModified\":\"2022-04-06T13:24:10+00:00\",\"description\":\"Nous sommes une association de sensibilisation aux m\u00e9faits des drogues. \\\"Tous concern\u00e9s, tous responsables\\\".\",\"breadcrumb\":{\"@id\":\"https:\/\/jilzine.com\/comment-refuser-loffre-des-copains-ou-des-dealers\/#breadcrumb\"},\"inLanguage\":\"fr-FR\",\"potentialAction\":[{\"@type\":\"ReadAction\",\"target\":[\"https:\/\/jilzine.com\/comment-refuser-loffre-des-copains-ou-des-dealers\/\"]}]},{\"@type\":\"BreadcrumbList\",\"@id\":\"https:\/\/jilzine.com\/comment-refuser-loffre-des-copains-ou-des-dealers\/#breadcrumb\",\"itemListElement\":[{\"@type\":\"ListItem\",\"position\":1,\"name\":\"Accueil\",\"item\":\"https:\/\/jilzine.com\/\"},{\"@type\":\"ListItem\",\"position\":2,\"name\":\"Comment refuser l\u2019offre des copains ou des dealers\"}]}]}<\/script>\n<!-- \/ Yoast SEO plugin. -->","yoast_head_json":{"title":"Comment refuser l\u2019offre des copains ou des dealers - Jil Zine","description":"Nous sommes une association de sensibilisation aux m\u00e9faits des drogues. \"Tous concern\u00e9s, tous responsables\".","robots":{"index":"index","follow":"follow","max-snippet":"max-snippet:-1","max-image-preview":"max-image-preview:large","max-video-preview":"max-video-preview:-1"},"canonical":"https:\/\/jilzine.com\/fr\/comment-refuser-loffre-des-copains-ou-des-dealers\/","og_locale":"fr_FR","og_type":"article","og_title":"Comment refuser l\u2019offre des copains ou des dealers - Jil Zine","og_description":"Nous sommes une association de sensibilisation aux m\u00e9faits des drogues. \"Tous concern\u00e9s, tous responsables\".","og_url":"https:\/\/jilzine.com\/fr\/comment-refuser-loffre-des-copains-ou-des-dealers\/","og_site_name":"Jil Zine","article_modified_time":"2022-04-06T13:24:10+00:00","twitter_card":"summary_large_image","twitter_misc":{"Dur\u00e9e de lecture estim\u00e9e":"2 minutes"},"schema":{"@context":"https:\/\/schema.org","@graph":[{"@type":"WebSite","@id":"https:\/\/jilzine.com\/#website","url":"https:\/\/jilzine.com\/","name":"Jil Zine","description":"Association de sensibilisation aux m\u00e9faits des drogues","potentialAction":[{"@type":"SearchAction","target":{"@type":"EntryPoint","urlTemplate":"https:\/\/jilzine.com\/?s={search_term_string}"},"query-input":"required name=search_term_string"}],"inLanguage":"fr-FR"},{"@type":"WebPage","@id":"https:\/\/jilzine.com\/comment-refuser-loffre-des-copains-ou-des-dealers\/#webpage","url":"https:\/\/jilzine.com\/comment-refuser-loffre-des-copains-ou-des-dealers\/","name":"Comment refuser l\u2019offre des copains ou des dealers - Jil Zine","isPartOf":{"@id":"https:\/\/jilzine.com\/#website"},"datePublished":"2022-03-09T09:48:48+00:00","dateModified":"2022-04-06T13:24:10+00:00","description":"Nous sommes une association de sensibilisation aux m\u00e9faits des drogues. \"Tous concern\u00e9s, tous responsables\".","breadcrumb":{"@id":"https:\/\/jilzine.com\/comment-refuser-loffre-des-copains-ou-des-dealers\/#breadcrumb"},"inLanguage":"fr-FR","potentialAction":[{"@type":"ReadAction","target":["https:\/\/jilzine.com\/comment-refuser-loffre-des-copains-ou-des-dealers\/"]}]},{"@type":"BreadcrumbList","@id":"https:\/\/jilzine.com\/comment-refuser-loffre-des-copains-ou-des-dealers\/#breadcrumb","itemListElement":[{"@type":"ListItem","position":1,"name":"Accueil","item":"https:\/\/jilzine.com\/"},{"@type":"ListItem","position":2,"name":"Comment refuser l\u2019offre des copains ou des dealers"}]}]}},"_links":{"self":[{"href":"https:\/\/jilzine.com\/fr\/wp-json\/wp\/v2\/pages\/5979"}],"collection":[{"href":"https:\/\/jilzine.com\/fr\/wp-json\/wp\/v2\/pages"}],"about":[{"href":"https:\/\/jilzine.com\/fr\/wp-json\/wp\/v2\/types\/page"}],"author":[{"embeddable":true,"href":"https:\/\/jilzine.com\/fr\/wp-json\/wp\/v2\/users\/1"}],"replies":[{"embeddable":true,"href":"https:\/\/jilzine.com\/fr\/wp-json\/wp\/v2\/comments?post=5979"}],"version-history":[{"count":2,"href":"https:\/\/jilzine.com\/fr\/wp-json\/wp\/v2\/pages\/5979\/revisions"}],"predecessor-version":[{"id":6064,"href":"https:\/\/jilzine.com\/fr\/wp-json\/wp\/v2\/pages\/5979\/revisions\/6064"}],"wp:attachment":[{"href":"https:\/\/jilzine.com\/fr\/wp-json\/wp\/v2\/media?parent=5979"}],"curies":[{"name":"wp","href":"https:\/\/api.w.org\/{rel}","templated":true}]}}