{"id":5978,"date":"2022-03-09T09:46:48","date_gmt":"2022-03-09T09:46:48","guid":{"rendered":"https:\/\/jilzine.com\/?page_id=5978"},"modified":"2022-04-06T13:24:10","modified_gmt":"2022-04-06T13:24:10","slug":"comment-parler-de-drogue-a-mes-parents","status":"publish","type":"page","link":"https:\/\/jilzine.com\/fr\/comment-parler-de-drogue-a-mes-parents\/","title":{"rendered":"\u00a0Discuter de drogue avec mes parents?"},"content":{"rendered":"<div data-elementor-type=\"wp-page\" data-elementor-id=\"5978\" class=\"elementor elementor-5978\" data-elementor-settings=\"[]\">\n\t\t\t\t\t\t<div class=\"elementor-inner\">\n\t\t\t\t\t\t\t<div class=\"elementor-section-wrap\">\n\t\t\t\t\t\t\t<section data-particle_enable=\"false\" data-particle-mobile-disabled=\"false\" class=\"elementor-section elementor-top-section elementor-element elementor-element-39aa41f elementor-section-boxed elementor-section-gap-beside-yes elementor-section-height-default elementor-section-height-default elementor-section-column-vertical-align-stretch\" data-id=\"39aa41f\" data-element_type=\"section\">\n\t\t\t\t\t\t<div class=\"elementor-container elementor-column-gap-extended\">\n\t\t\t\t\t\t\t<div class=\"elementor-row\">\n\t\t\t\t\t<div class=\"elementor-column elementor-col-100 elementor-top-column elementor-element elementor-element-967c33e\" data-id=\"967c33e\" data-element_type=\"column\">\n\t\t\t<div class=\"elementor-column-wrap elementor-element-populated\">\n\t\t\t\t\t\t\t<div class=\"elementor-widget-wrap\">\n\t\t\t\t\t\t<div class=\"elementor-element elementor-element-ad4f020 elementor-widget elementor-widget-heading\" data-id=\"ad4f020\" data-element_type=\"widget\" data-widget_type=\"heading.default\">\n\t\t\t\t<div class=\"elementor-widget-container\">\n\t\t\t<h4 class=\"elementor-heading-title elementor-size-default\">On peut vouloir leur en parler :<\/h4>\t\t<\/div>\n\t\t\t\t<\/div>\n\t\t\t\t\t\t<\/div>\n\t\t\t\t\t<\/div>\n\t\t<\/div>\n\t\t\t\t\t\t\t\t<\/div>\n\t\t\t\t\t<\/div>\n\t\t<\/section>\n\t\t\t\t<section data-particle_enable=\"false\" data-particle-mobile-disabled=\"false\" class=\"elementor-section elementor-top-section elementor-element elementor-element-db638bc elementor-section-boxed elementor-section-gap-beside-yes elementor-section-height-default elementor-section-height-default elementor-section-column-vertical-align-stretch\" data-id=\"db638bc\" data-element_type=\"section\">\n\t\t\t\t\t\t<div class=\"elementor-container elementor-column-gap-extended\">\n\t\t\t\t\t\t\t<div class=\"elementor-row\">\n\t\t\t\t\t<div class=\"elementor-column elementor-col-100 elementor-top-column elementor-element elementor-element-3d89fa9\" data-id=\"3d89fa9\" data-element_type=\"column\">\n\t\t\t<div class=\"elementor-column-wrap elementor-element-populated\">\n\t\t\t\t\t\t\t<div class=\"elementor-widget-wrap\">\n\t\t\t\t\t\t<div class=\"elementor-element elementor-element-d0fa3bb elementor-icon-list--layout-traditional elementor-list-item-link-full_width elementor-widget elementor-widget-icon-list\" data-id=\"d0fa3bb\" data-element_type=\"widget\" data-widget_type=\"icon-list.default\">\n\t\t\t\t<div class=\"elementor-widget-container\">\n\t\t\t\t\t<ul class=\"elementor-icon-list-items\">\n\t\t\t\t\t\t\t<li class=\"elementor-icon-list-item\">\n\t\t\t\t\t\t\t\t\t\t\t<span class=\"elementor-icon-list-icon\">\n\t\t\t\t\t\t\t<i aria-hidden=\"true\" class=\"fas fa-check\"><\/i>\t\t\t\t\t\t<\/span>\n\t\t\t\t\t\t\t\t\t\t<span class=\"elementor-icon-list-text\">parce qu'on a envie d'avoir leur avis ou profiter de leur exp\u00e9rience,<\/span>\n\t\t\t\t\t\t\t\t\t<\/li>\n\t\t\t\t\t\t\t\t<li class=\"elementor-icon-list-item\">\n\t\t\t\t\t\t\t\t\t\t\t<span class=\"elementor-icon-list-icon\">\n\t\t\t\t\t\t\t<i aria-hidden=\"true\" class=\"fas fa-check\"><\/i>\t\t\t\t\t\t<\/span>\n\t\t\t\t\t\t\t\t\t\t<span class=\"elementor-icon-list-text\">parce qu'on en a entendu parler en cours,<\/span>\n\t\t\t\t\t\t\t\t\t<\/li>\n\t\t\t\t\t\t\t\t<li class=\"elementor-icon-list-item\">\n\t\t\t\t\t\t\t\t\t\t\t<span class=\"elementor-icon-list-icon\">\n\t\t\t\t\t\t\t<i aria-hidden=\"true\" class=\"fas fa-check\"><\/i>\t\t\t\t\t\t<\/span>\n\t\t\t\t\t\t\t\t\t\t<span class=\"elementor-icon-list-text\">parce qu'un ami en consomme,<\/span>\n\t\t\t\t\t\t\t\t\t<\/li>\n\t\t\t\t\t\t\t\t<li class=\"elementor-icon-list-item\">\n\t\t\t\t\t\t\t\t\t\t\t<span class=\"elementor-icon-list-icon\">\n\t\t\t\t\t\t\t<i aria-hidden=\"true\" class=\"fas fa-check\"><\/i>\t\t\t\t\t\t<\/span>\n\t\t\t\t\t\t\t\t\t\t<span class=\"elementor-icon-list-text\">parce qu'on en consomme soi-m\u00eame,<\/span>\n\t\t\t\t\t\t\t\t\t<\/li>\n\t\t\t\t\t\t\t\t<li class=\"elementor-icon-list-item\">\n\t\t\t\t\t\t\t\t\t\t\t<span class=\"elementor-icon-list-icon\">\n\t\t\t\t\t\t\t<i aria-hidden=\"true\" class=\"fas fa-check\"><\/i>\t\t\t\t\t\t<\/span>\n\t\t\t\t\t\t\t\t\t\t<span class=\"elementor-icon-list-text\">parce qu'on recherche de l'aide.<\/span>\n\t\t\t\t\t\t\t\t\t<\/li>\n\t\t\t\t\t\t<\/ul>\n\t\t\t\t<\/div>\n\t\t\t\t<\/div>\n\t\t\t\t\t\t<\/div>\n\t\t\t\t\t<\/div>\n\t\t<\/div>\n\t\t\t\t\t\t\t\t<\/div>\n\t\t\t\t\t<\/div>\n\t\t<\/section>\n\t\t\t\t<section data-particle_enable=\"false\" data-particle-mobile-disabled=\"false\" class=\"elementor-section elementor-top-section elementor-element elementor-element-c725440 elementor-section-boxed elementor-section-gap-beside-yes elementor-section-height-default elementor-section-height-default elementor-section-column-vertical-align-stretch\" data-id=\"c725440\" data-element_type=\"section\">\n\t\t\t\t\t\t<div class=\"elementor-container elementor-column-gap-extended\">\n\t\t\t\t\t\t\t<div class=\"elementor-row\">\n\t\t\t\t\t<div class=\"elementor-column elementor-col-100 elementor-top-column elementor-element elementor-element-441d6f8\" data-id=\"441d6f8\" data-element_type=\"column\">\n\t\t\t<div class=\"elementor-column-wrap elementor-element-populated\">\n\t\t\t\t\t\t\t<div class=\"elementor-widget-wrap\">\n\t\t\t\t\t\t<div class=\"elementor-element elementor-element-da30cab elementor-widget elementor-widget-heading\" data-id=\"da30cab\" data-element_type=\"widget\" data-widget_type=\"heading.default\">\n\t\t\t\t<div class=\"elementor-widget-container\">\n\t\t\t<h4 class=\"elementor-heading-title elementor-size-default\">Pour leur en parler, il faut se mettre dans des dispositions qui permettent le dialogue:\n<\/h4>\t\t<\/div>\n\t\t\t\t<\/div>\n\t\t\t\t\t\t<\/div>\n\t\t\t\t\t<\/div>\n\t\t<\/div>\n\t\t\t\t\t\t\t\t<\/div>\n\t\t\t\t\t<\/div>\n\t\t<\/section>\n\t\t\t\t<section data-particle_enable=\"false\" data-particle-mobile-disabled=\"false\" class=\"elementor-section elementor-top-section elementor-element elementor-element-4eba7f9 elementor-section-boxed elementor-section-gap-beside-yes elementor-section-height-default elementor-section-height-default elementor-section-column-vertical-align-stretch\" data-id=\"4eba7f9\" data-element_type=\"section\">\n\t\t\t\t\t\t<div class=\"elementor-container elementor-column-gap-extended\">\n\t\t\t\t\t\t\t<div class=\"elementor-row\">\n\t\t\t\t\t<div class=\"elementor-column elementor-col-100 elementor-top-column elementor-element elementor-element-643e7fc\" data-id=\"643e7fc\" data-element_type=\"column\">\n\t\t\t<div class=\"elementor-column-wrap elementor-element-populated\">\n\t\t\t\t\t\t\t<div class=\"elementor-widget-wrap\">\n\t\t\t\t\t\t<div class=\"elementor-element elementor-element-d1da2ee elementor-icon-list--layout-traditional elementor-list-item-link-full_width elementor-widget elementor-widget-icon-list\" data-id=\"d1da2ee\" data-element_type=\"widget\" data-widget_type=\"icon-list.default\">\n\t\t\t\t<div class=\"elementor-widget-container\">\n\t\t\t\t\t<ul class=\"elementor-icon-list-items\">\n\t\t\t\t\t\t\t<li class=\"elementor-icon-list-item\">\n\t\t\t\t\t\t\t\t\t\t\t<span class=\"elementor-icon-list-icon\">\n\t\t\t\t\t\t\t<i aria-hidden=\"true\" class=\"fas fa-arrow-right\"><\/i>\t\t\t\t\t\t<\/span>\n\t\t\t\t\t\t\t\t\t\t<span class=\"elementor-icon-list-text\">Aborder le sujet en leur demandant, ce qu\u2019ils en savent pour pouvoir en discuter. <\/span>\n\t\t\t\t\t\t\t\t\t<\/li>\n\t\t\t\t\t\t\t\t<li class=\"elementor-icon-list-item\">\n\t\t\t\t\t\t\t\t\t\t\t<span class=\"elementor-icon-list-icon\">\n\t\t\t\t\t\t\t<i aria-hidden=\"true\" class=\"fas fa-arrow-right\"><\/i>\t\t\t\t\t\t<\/span>\n\t\t\t\t\t\t\t\t\t\t<span class=\"elementor-icon-list-text\">Leur rappeler que la drogue est pr\u00e9sente partout, dans les \u00e9tablissements scolaires ou ses environs, et que vous voulez simplement vous informer.<\/span>\n\t\t\t\t\t\t\t\t\t<\/li>\n\t\t\t\t\t\t\t\t<li class=\"elementor-icon-list-item\">\n\t\t\t\t\t\t\t\t\t\t\t<span class=\"elementor-icon-list-icon\">\n\t\t\t\t\t\t\t<i aria-hidden=\"true\" class=\"fas fa-arrow-right\"><\/i>\t\t\t\t\t\t<\/span>\n\t\t\t\t\t\t\t\t\t\t<span class=\"elementor-icon-list-text\">Parler calmement quelque soit leur r\u00e9action, c\u2019est parfois difficile mais tr\u00e8s important, le calme d\u00e9sarme l\u2019agressivit\u00e9, permet le dialogue et donne du poids aux  arguments.<\/span>\n\t\t\t\t\t\t\t\t\t<\/li>\n\t\t\t\t\t\t\t\t<li class=\"elementor-icon-list-item\">\n\t\t\t\t\t\t\t\t\t\t\t<span class=\"elementor-icon-list-icon\">\n\t\t\t\t\t\t\t<i aria-hidden=\"true\" class=\"fas fa-arrow-right\"><\/i>\t\t\t\t\t\t<\/span>\n\t\t\t\t\t\t\t\t\t\t<span class=\"elementor-icon-list-text\">Accepter qu\u2019ils aient un point de vue diff\u00e9rent et de revoir  le v\u00f4tre \u00e9ventuellement.<\/span>\n\t\t\t\t\t\t\t\t\t<\/li>\n\t\t\t\t\t\t\t\t<li class=\"elementor-icon-list-item\">\n\t\t\t\t\t\t\t\t\t\t\t<span class=\"elementor-icon-list-icon\">\n\t\t\t\t\t\t\t<i aria-hidden=\"true\" class=\"fas fa-arrow-right\"><\/i>\t\t\t\t\t\t<\/span>\n\t\t\t\t\t\t\t\t\t\t<span class=\"elementor-icon-list-text\">\u00catre objectif :  <\/span>\n\t\t\t\t\t\t\t\t\t<\/li>\n\t\t\t\t\t\t<\/ul>\n\t\t\t\t<\/div>\n\t\t\t\t<\/div>\n\t\t\t\t<div class=\"elementor-element elementor-element-0f12fc0 elementor-icon-list--layout-traditional elementor-list-item-link-full_width elementor-widget elementor-widget-icon-list\" data-id=\"0f12fc0\" data-element_type=\"widget\" data-widget_type=\"icon-list.default\">\n\t\t\t\t<div class=\"elementor-widget-container\">\n\t\t\t\t\t<ul class=\"elementor-icon-list-items\">\n\t\t\t\t\t\t\t<li class=\"elementor-icon-list-item\">\n\t\t\t\t\t\t\t\t\t\t\t<span class=\"elementor-icon-list-icon\">\n\t\t\t\t\t\t\t<i aria-hidden=\"true\" class=\"far fa-dice-d6\"><\/i>\t\t\t\t\t\t<\/span>\n\t\t\t\t\t\t\t\t\t\t<span class=\"elementor-icon-list-text\">ne pas contredire  d\u2019embl\u00e9e mais essayer de les comprendre et de  s\u2019informer pour en parler objectivement. <\/span>\n\t\t\t\t\t\t\t\t\t<\/li>\n\t\t\t\t\t\t\t\t<li class=\"elementor-icon-list-item\">\n\t\t\t\t\t\t\t\t\t\t\t<span class=\"elementor-icon-list-icon\">\n\t\t\t\t\t\t\t<i aria-hidden=\"true\" class=\"far fa-dice-d6\"><\/i>\t\t\t\t\t\t<\/span>\n\t\t\t\t\t\t\t\t\t\t<span class=\"elementor-icon-list-text\">Appuyer votre propre point de vue sur des faits concrets et non sur des impressions.<\/span>\n\t\t\t\t\t\t\t\t\t<\/li>\n\t\t\t\t\t\t<\/ul>\n\t\t\t\t<\/div>\n\t\t\t\t<\/div>\n\t\t\t\t<div class=\"elementor-element elementor-element-7b0e036 elementor-icon-list--layout-traditional elementor-list-item-link-full_width elementor-widget elementor-widget-icon-list\" data-id=\"7b0e036\" data-element_type=\"widget\" data-widget_type=\"icon-list.default\">\n\t\t\t\t<div class=\"elementor-widget-container\">\n\t\t\t\t\t<ul class=\"elementor-icon-list-items\">\n\t\t\t\t\t\t\t<li class=\"elementor-icon-list-item\">\n\t\t\t\t\t\t\t\t\t\t\t<span class=\"elementor-icon-list-icon\">\n\t\t\t\t\t\t\t<i aria-hidden=\"true\" class=\"fas fa-arrow-right\"><\/i>\t\t\t\t\t\t<\/span>\n\t\t\t\t\t\t\t\t\t\t<span class=\"elementor-icon-list-text\">Surtout ne pas mentir: Rien n\u2019est pire que le mensonge et le manque de confiance pour discuter, vous risquez de ne plus jamais pouvoir discuter avec eux sur un sujet s\u00e9rieux.<\/span>\n\t\t\t\t\t\t\t\t\t<\/li>\n\t\t\t\t\t\t<\/ul>\n\t\t\t\t<\/div>\n\t\t\t\t<\/div>\n\t\t\t\t\t\t<\/div>\n\t\t\t\t\t<\/div>\n\t\t<\/div>\n\t\t\t\t\t\t\t\t<\/div>\n\t\t\t\t\t<\/div>\n\t\t<\/section>\n\t\t\t\t<section data-particle_enable=\"false\" data-particle-mobile-disabled=\"false\" class=\"elementor-section elementor-top-section elementor-element elementor-element-d6ae797 elementor-section-boxed elementor-section-gap-beside-yes elementor-section-height-default elementor-section-height-default elementor-section-content-align-center elementor-section-column-vertical-align-stretch\" data-id=\"d6ae797\" data-element_type=\"section\">\n\t\t\t\t\t\t<div class=\"elementor-container elementor-column-gap-extended\">\n\t\t\t\t\t\t\t<div class=\"elementor-row\">\n\t\t\t\t\t<div class=\"elementor-column elementor-col-100 elementor-top-column elementor-element elementor-element-983d62a\" data-id=\"983d62a\" data-element_type=\"column\" data-settings=\"{&quot;background_background&quot;:&quot;classic&quot;}\">\n\t\t\t<div class=\"elementor-column-wrap elementor-element-populated\">\n\t\t\t\t\t\t\t<div class=\"elementor-widget-wrap\">\n\t\t\t\t\t\t<div class=\"elementor-element elementor-element-2610da2 elementor-widget elementor-widget-text-editor\" data-id=\"2610da2\" data-element_type=\"widget\" data-widget_type=\"text-editor.default\">\n\t\t\t\t<div class=\"elementor-widget-container\">\n\t\t\t\t\t\t\t\t<div class=\"elementor-text-editor elementor-clearfix\">\n\t\t\t\t<p><span style=\"color: #000000;\"><strong>S\u2019ils vous soup\u00e7onnent de consommer<\/strong>,<strong>\u00a0ne leur mentez pas.<\/strong><\/span><\/p><ul><li><span style=\"color: #000000;\"><strong>Si vous ne consommez pas, rassurez-les imm\u00e9diatement, ils en ont besoin !<\/strong><\/span><\/li><\/ul><p><span style=\"color: #000000;\"><strong>Si vous consommez<\/strong>, analysez au pr\u00e9alable pourquoi vous consommez et expliquez leur vos motivations si l&#8217;ambiance s&#8217;y pr\u00eate, sinon d\u00eetes leur que vous leur donnerez vos motivations dans le calme et la confiance\u2026.\u00a0<strong>Mais il faudra le faire tr\u00e8s rapidement<\/strong>.<\/span><\/p>\t\t\t\t\t<\/div>\n\t\t\t\t\t\t<\/div>\n\t\t\t\t<\/div>\n\t\t\t\t\t\t<\/div>\n\t\t\t\t\t<\/div>\n\t\t<\/div>\n\t\t\t\t\t\t\t\t<\/div>\n\t\t\t\t\t<\/div>\n\t\t<\/section>\n\t\t\t\t<section data-particle_enable=\"false\" data-particle-mobile-disabled=\"false\" class=\"elementor-section elementor-top-section elementor-element elementor-element-0dc31b5 elementor-section-boxed elementor-section-gap-beside-yes elementor-section-height-default elementor-section-height-default elementor-section-column-vertical-align-stretch\" data-id=\"0dc31b5\" data-element_type=\"section\">\n\t\t\t\t\t\t<div class=\"elementor-container elementor-column-gap-extended\">\n\t\t\t\t\t\t\t<div class=\"elementor-row\">\n\t\t\t\t\t<div class=\"elementor-column elementor-col-100 elementor-top-column elementor-element elementor-element-6f87e7e\" data-id=\"6f87e7e\" data-element_type=\"column\">\n\t\t\t<div class=\"elementor-column-wrap elementor-element-populated\">\n\t\t\t\t\t\t\t<div class=\"elementor-widget-wrap\">\n\t\t\t\t\t\t<div class=\"elementor-element elementor-element-31cd2a5 elementor-widget elementor-widget-text-editor\" data-id=\"31cd2a5\" data-element_type=\"widget\" data-widget_type=\"text-editor.default\">\n\t\t\t\t<div class=\"elementor-widget-container\">\n\t\t\t\t\t\t\t\t<div class=\"elementor-text-editor elementor-clearfix\">\n\t\t\t\t<p><span style=\"color: #000000;\"><strong>Pour leur demander de vous aider \u00e0 vous en sortir : <\/strong>Le dire\u00a0 clairement\u00a0en insistant sur l\u2019aide, \u00e7a \u00e9vite\u00a0 le clash et\u00a0les parents sont toujours pr\u00eats \u00e0 aider leurs enfants, m\u00eame apr\u00e8s une crise de d\u00e9pit ou de col\u00e8re.<\/span><\/p>\t\t\t\t\t<\/div>\n\t\t\t\t\t\t<\/div>\n\t\t\t\t<\/div>\n\t\t\t\t\t\t<\/div>\n\t\t\t\t\t<\/div>\n\t\t<\/div>\n\t\t\t\t\t\t\t\t<\/div>\n\t\t\t\t\t<\/div>\n\t\t<\/section>\n\t\t\t\t\t\t<\/div>\n\t\t\t\t\t\t<\/div>\n\t\t\t\t\t<\/div>","protected":false},"excerpt":{"rendered":"<p>On peut vouloir leur en parler : parce qu&#8217;on a envie d&#8217;avoir leur avis ou profiter de leur exp\u00e9rience, parce qu&#8217;on en a entendu parler en cours, parce qu&#8217;un ami en consomme, parce qu&#8217;on en consomme soi-m\u00eame, parce qu&#8217;on recherche de l&#8217;aide. Pour leur en parler, il faut se mettre dans des dispositions qui permettent le dialogue: Aborder le sujet en leur demandant, ce qu\u2019ils en savent pour pouvoir en discuter. Leur rappeler que la drogue est pr\u00e9sente partout, dans les \u00e9tablissements scolaires ou ses environs, et que vous voulez simplement vous informer. Parler calmement quelque soit leur r\u00e9action, c\u2019est parfois difficile mais tr\u00e8s important, le calme d\u00e9sarme l\u2019agressivit\u00e9, permet le dialogue et donne du poids aux arguments. Accepter qu\u2019ils aient un point de vue diff\u00e9rent et de revoir le v\u00f4tre \u00e9ventuellement. \u00catre objectif : ne pas contredire d\u2019embl\u00e9e mais essayer de les comprendre et de s\u2019informer pour en parler objectivement. Appuyer votre propre point de vue sur des faits concrets et non sur des impressions. Surtout ne pas mentir: Rien n\u2019est pire que le mensonge et le manque de confiance pour discuter, vous risquez de ne plus jamais pouvoir discuter avec eux sur un sujet s\u00e9rieux. S\u2019ils vous soup\u00e7onnent de consommer,\u00a0ne leur mentez pas. Si vous ne consommez pas, rassurez-les imm\u00e9diatement, ils en ont besoin ! Si vous consommez, analysez au pr\u00e9alable pourquoi vous consommez et expliquez leur vos motivations si l&#8217;ambiance s&#8217;y pr\u00eate, sinon d\u00eetes leur que vous leur donnerez vos motivations dans le calme et la confiance\u2026.\u00a0Mais il faudra le faire tr\u00e8s rapidement. Pour leur demander de vous aider \u00e0 vous en sortir : Le dire\u00a0 clairement\u00a0en insistant sur l\u2019aide, \u00e7a \u00e9vite\u00a0 le clash et\u00a0les parents sont toujours pr\u00eats \u00e0 aider leurs enfants, m\u00eame apr\u00e8s une crise de d\u00e9pit ou de col\u00e8re.<\/p>","protected":false},"author":1,"featured_media":0,"parent":0,"menu_order":0,"comment_status":"closed","ping_status":"closed","template":"","meta":[],"yoast_head":"<!-- This site is optimized with the Yoast SEO plugin v18.6 - https:\/\/yoast.com\/wordpress\/plugins\/seo\/ -->\n<title>\u00a0Discuter de drogue avec mes parents? - Jil Zine<\/title>\n<meta name=\"description\" content=\"Nous sommes une association de sensibilisation aux m\u00e9faits des drogues. &quot;Tous concern\u00e9s, tous responsables&quot;.\" \/>\n<meta name=\"robots\" content=\"index, follow, max-snippet:-1, max-image-preview:large, max-video-preview:-1\" \/>\n<link rel=\"canonical\" href=\"https:\/\/jilzine.com\/fr\/comment-parler-de-drogue-a-mes-parents\/\" \/>\n<meta property=\"og:locale\" content=\"fr_FR\" \/>\n<meta property=\"og:type\" content=\"article\" \/>\n<meta property=\"og:title\" content=\"\u00a0Discuter de drogue avec mes parents? - Jil Zine\" \/>\n<meta property=\"og:description\" content=\"Nous sommes une association de sensibilisation aux m\u00e9faits des drogues. &quot;Tous concern\u00e9s, tous responsables&quot;.\" \/>\n<meta property=\"og:url\" content=\"https:\/\/jilzine.com\/fr\/comment-parler-de-drogue-a-mes-parents\/\" \/>\n<meta property=\"og:site_name\" content=\"Jil Zine\" \/>\n<meta property=\"article:modified_time\" content=\"2022-04-06T13:24:10+00:00\" \/>\n<meta name=\"twitter:card\" content=\"summary_large_image\" \/>\n<meta name=\"twitter:label1\" content=\"Dur\u00e9e de lecture estim\u00e9e\" \/>\n\t<meta name=\"twitter:data1\" content=\"2 minutes\" \/>\n<script type=\"application\/ld+json\" class=\"yoast-schema-graph\">{\"@context\":\"https:\/\/schema.org\",\"@graph\":[{\"@type\":\"WebSite\",\"@id\":\"https:\/\/jilzine.com\/#website\",\"url\":\"https:\/\/jilzine.com\/\",\"name\":\"Jil Zine\",\"description\":\"Association de sensibilisation aux m\u00e9faits des drogues\",\"potentialAction\":[{\"@type\":\"SearchAction\",\"target\":{\"@type\":\"EntryPoint\",\"urlTemplate\":\"https:\/\/jilzine.com\/?s={search_term_string}\"},\"query-input\":\"required name=search_term_string\"}],\"inLanguage\":\"fr-FR\"},{\"@type\":\"WebPage\",\"@id\":\"https:\/\/jilzine.com\/comment-parler-de-drogue-a-mes-parents\/#webpage\",\"url\":\"https:\/\/jilzine.com\/comment-parler-de-drogue-a-mes-parents\/\",\"name\":\"\u00a0Discuter de drogue avec mes parents? - Jil Zine\",\"isPartOf\":{\"@id\":\"https:\/\/jilzine.com\/#website\"},\"datePublished\":\"2022-03-09T09:46:48+00:00\",\"dateModified\":\"2022-04-06T13:24:10+00:00\",\"description\":\"Nous sommes une association de sensibilisation aux m\u00e9faits des drogues. \\\"Tous concern\u00e9s, tous responsables\\\".\",\"breadcrumb\":{\"@id\":\"https:\/\/jilzine.com\/comment-parler-de-drogue-a-mes-parents\/#breadcrumb\"},\"inLanguage\":\"fr-FR\",\"potentialAction\":[{\"@type\":\"ReadAction\",\"target\":[\"https:\/\/jilzine.com\/comment-parler-de-drogue-a-mes-parents\/\"]}]},{\"@type\":\"BreadcrumbList\",\"@id\":\"https:\/\/jilzine.com\/comment-parler-de-drogue-a-mes-parents\/#breadcrumb\",\"itemListElement\":[{\"@type\":\"ListItem\",\"position\":1,\"name\":\"Accueil\",\"item\":\"https:\/\/jilzine.com\/\"},{\"@type\":\"ListItem\",\"position\":2,\"name\":\"\u00a0Discuter de drogue avec mes parents?\"}]}]}<\/script>\n<!-- \/ Yoast SEO plugin. -->","yoast_head_json":{"title":"\u00a0Discuter de drogue avec mes parents? - Jil Zine","description":"Nous sommes une association de sensibilisation aux m\u00e9faits des drogues. \"Tous concern\u00e9s, tous responsables\".","robots":{"index":"index","follow":"follow","max-snippet":"max-snippet:-1","max-image-preview":"max-image-preview:large","max-video-preview":"max-video-preview:-1"},"canonical":"https:\/\/jilzine.com\/fr\/comment-parler-de-drogue-a-mes-parents\/","og_locale":"fr_FR","og_type":"article","og_title":"\u00a0Discuter de drogue avec mes parents? - Jil Zine","og_description":"Nous sommes une association de sensibilisation aux m\u00e9faits des drogues. \"Tous concern\u00e9s, tous responsables\".","og_url":"https:\/\/jilzine.com\/fr\/comment-parler-de-drogue-a-mes-parents\/","og_site_name":"Jil Zine","article_modified_time":"2022-04-06T13:24:10+00:00","twitter_card":"summary_large_image","twitter_misc":{"Dur\u00e9e de lecture estim\u00e9e":"2 minutes"},"schema":{"@context":"https:\/\/schema.org","@graph":[{"@type":"WebSite","@id":"https:\/\/jilzine.com\/#website","url":"https:\/\/jilzine.com\/","name":"Jil Zine","description":"Association de sensibilisation aux m\u00e9faits des drogues","potentialAction":[{"@type":"SearchAction","target":{"@type":"EntryPoint","urlTemplate":"https:\/\/jilzine.com\/?s={search_term_string}"},"query-input":"required name=search_term_string"}],"inLanguage":"fr-FR"},{"@type":"WebPage","@id":"https:\/\/jilzine.com\/comment-parler-de-drogue-a-mes-parents\/#webpage","url":"https:\/\/jilzine.com\/comment-parler-de-drogue-a-mes-parents\/","name":"\u00a0Discuter de drogue avec mes parents? - Jil Zine","isPartOf":{"@id":"https:\/\/jilzine.com\/#website"},"datePublished":"2022-03-09T09:46:48+00:00","dateModified":"2022-04-06T13:24:10+00:00","description":"Nous sommes une association de sensibilisation aux m\u00e9faits des drogues. \"Tous concern\u00e9s, tous responsables\".","breadcrumb":{"@id":"https:\/\/jilzine.com\/comment-parler-de-drogue-a-mes-parents\/#breadcrumb"},"inLanguage":"fr-FR","potentialAction":[{"@type":"ReadAction","target":["https:\/\/jilzine.com\/comment-parler-de-drogue-a-mes-parents\/"]}]},{"@type":"BreadcrumbList","@id":"https:\/\/jilzine.com\/comment-parler-de-drogue-a-mes-parents\/#breadcrumb","itemListElement":[{"@type":"ListItem","position":1,"name":"Accueil","item":"https:\/\/jilzine.com\/"},{"@type":"ListItem","position":2,"name":"\u00a0Discuter de drogue avec mes parents?"}]}]}},"_links":{"self":[{"href":"https:\/\/jilzine.com\/fr\/wp-json\/wp\/v2\/pages\/5978"}],"collection":[{"href":"https:\/\/jilzine.com\/fr\/wp-json\/wp\/v2\/pages"}],"about":[{"href":"https:\/\/jilzine.com\/fr\/wp-json\/wp\/v2\/types\/page"}],"author":[{"embeddable":true,"href":"https:\/\/jilzine.com\/fr\/wp-json\/wp\/v2\/users\/1"}],"replies":[{"embeddable":true,"href":"https:\/\/jilzine.com\/fr\/wp-json\/wp\/v2\/comments?post=5978"}],"version-history":[{"count":15,"href":"https:\/\/jilzine.com\/fr\/wp-json\/wp\/v2\/pages\/5978\/revisions"}],"predecessor-version":[{"id":6063,"href":"https:\/\/jilzine.com\/fr\/wp-json\/wp\/v2\/pages\/5978\/revisions\/6063"}],"wp:attachment":[{"href":"https:\/\/jilzine.com\/fr\/wp-json\/wp\/v2\/media?parent=5978"}],"curies":[{"name":"wp","href":"https:\/\/api.w.org\/{rel}","templated":true}]}}