{"id":5971,"date":"2022-03-09T09:36:59","date_gmt":"2022-03-09T09:36:59","guid":{"rendered":"https:\/\/jilzine.com\/?page_id=5971"},"modified":"2022-04-06T13:24:10","modified_gmt":"2022-04-06T13:24:10","slug":"linfluence-des-amis","status":"publish","type":"page","link":"https:\/\/jilzine.com\/fr\/linfluence-des-amis\/","title":{"rendered":"L\u2019influence des amis"},"content":{"rendered":"<div data-elementor-type=\"wp-page\" data-elementor-id=\"5971\" class=\"elementor elementor-5971\" data-elementor-settings=\"[]\">\n\t\t\t\t\t\t<div class=\"elementor-inner\">\n\t\t\t\t\t\t\t<div class=\"elementor-section-wrap\">\n\t\t\t\t\t\t\t<section data-particle_enable=\"false\" data-particle-mobile-disabled=\"false\" class=\"elementor-section elementor-top-section elementor-element elementor-element-2251081 elementor-section-boxed elementor-section-gap-beside-yes elementor-section-height-default elementor-section-height-default elementor-section-column-vertical-align-stretch\" data-id=\"2251081\" data-element_type=\"section\">\n\t\t\t\t\t\t<div class=\"elementor-container elementor-column-gap-extended\">\n\t\t\t\t\t\t\t<div class=\"elementor-row\">\n\t\t\t\t\t<div class=\"elementor-column elementor-col-100 elementor-top-column elementor-element elementor-element-aff531f\" data-id=\"aff531f\" data-element_type=\"column\">\n\t\t\t<div class=\"elementor-column-wrap elementor-element-populated\">\n\t\t\t\t\t\t\t<div class=\"elementor-widget-wrap\">\n\t\t\t\t\t\t<div class=\"elementor-element elementor-element-dc47279 elementor-widget elementor-widget-text-editor\" data-id=\"dc47279\" data-element_type=\"widget\" data-widget_type=\"text-editor.default\">\n\t\t\t\t<div class=\"elementor-widget-container\">\n\t\t\t\t\t\t\t\t<div class=\"elementor-text-editor elementor-clearfix\">\n\t\t\t\t<p><strong>Qu\u00eate identitaire, appartenance au groupe, influence des amis<\/strong><\/p><p>Vous d\u00e9plorez peut-\u00eatre certaines fr\u00e9quentations de votre enfant et vous\u00a0 \u00eates souvent inquiets lorsque vous constatez qu\u2019il imite les autres et vous vous demandez jusqu\u2019o\u00f9 il serait pr\u00eat \u00e0 aller pour faire partie d\u2019un groupe.<\/p><p><strong>Il est tout \u00e0 fait normal qu\u2019un jeune, dans sa qu\u00eate identitaire, construise son r\u00e9seau de relations\u00a0 en dehors de la maison et hors du regard de ses parents.<\/strong><\/p><p>Les adolescents se d\u00e9tachent petit \u00e0 petit de leur famille et choisissent des amis avec lesquels ils partagent des centres d\u2019int\u00e9r\u00eats. C\u2019est l\u2019occasion de chercher ou de d\u00e9couvrir des facettes que ses proches ne peuvent lui offrir.<\/p><p>\u00a0Le groupe de copains devient l\u2019espace qui permet de vivre de nouvelles exp\u00e9riences et de d\u00e9velopper des comp\u00e9tences sociales.<\/p><p>Au contact de ses amis, le jeune apprend \u00e0 exprimer ses opinions, \u00e0 les confronter \u00e0 celles des autres. Il d\u00e9couvre comment s\u2019affirmer dans un groupe, comment g\u00e9rer des \u00e9motions comme la peur, l\u2019amour ou l\u2019ins\u00e9curit\u00e9.<\/p><p>C\u2019est ainsi qu\u2019il construit petit \u00e0 petit sa personnalit\u00e9, apprend \u00e0 devenir autonome et affirme son identit\u00e9.<\/p><p>Ce besoin psychologique d&#8217;appartenir au groupe, fait que l\u2019adolescent subit des <strong>pressions directes : faire comme les autres pour \u00eatre accept\u00e9 <\/strong>et ne pas<strong> se retrouver seul. <\/strong><\/p><p><strong>Ainsi <\/strong>certains jeunes, par peur d\u2019\u00eatre exclus du groupe ou par crainte de subir des moqueries, fument, boivent de l\u2019alcool, tirent sur des joints ou adoptent des comportements \u00e0 risques tout en sachant que ce n\u2019est pas forc\u00e9ment dans leur int\u00e9r\u00eat.<\/p><p>Toutefois certains camarades peuvent avoir une <strong>influence positive<\/strong> et peuvent \u00eatre de bon conseil dans certaines situations difficiles.<\/p><p>M\u00eame si ce n\u2019est pas toujours facile, il est important que les parents reconnaissent le besoin qu\u2019\u00e9prouve leur adolescent de ressembler \u00e0 ses camarades et de vouloir faire comme eux.<\/p><p>Manifester trop ouvertement votre d\u00e9sapprobation envers un camarade peut encourager votre enfant \u00e0 s\u2019en rapprocher davantage.<\/p><p>Ce n\u2019est pas parce que votre enfant a besoin du contact avec ses amis qu\u2019il n\u2019a plus besoin de vous. L\u2019influence <strong>de la famille,<\/strong> (des parents, des fr\u00e8res et s\u0153urs et d\u2019autres adultes qui entourent le jeune) est tout aussi importante. Il a besoin de vos encouragements et de votre affection \u2013 m\u00eame si vous avez le sentiment de ne plus occuper autant de place dans sa vie.<\/p><p>Dans son apprentissage de la libert\u00e9 et de l\u2019autonomie, il a aussi besoin que vous lui fixiez des r\u00e8gles et des limites claires.<\/p><p><strong>La normalit\u00e9 et la banalisation de la consommation :<\/strong> <strong>\u00ab Les autres le font aussi \u00bb<\/strong><\/p><p>A l&#8217;adolescence, la question de <strong>la normalit\u00e9 est importante.<\/strong> Ce que les jeunes consid\u00e8rent comme \u201cnormal\u201d influence leurs d\u00e9cisions. Par exemple, de nombreux adolescents sont convaincus que la plupart des jeunes de leur \u00e2ge ont d\u00e9j\u00e0 fum\u00e9 des cigarettes ou des joints. Ils pensent alors qu\u2019il est normal d\u2019avoir ces comportements de consommation \u00e0 leur \u00e2ge et cela peut inciter certains \u00e0 consommer pour \u00eatre \u201dcomme les autres\u201c.<\/p><p><strong>Cette banalisation<\/strong> peut amener un jeune \u00e0 <strong>minimiser les risques<\/strong> li\u00e9s \u00e0 la consommation : \u00ab<strong>Si tout le monde le fait, cela ne doit pas \u00eatre si dangereux!\u00bb.<\/strong><\/p><p>Il est important de savoir que la r\u00e9alit\u00e9 est autre : de nombreux jeunes ne fument pas, ne boivent pas et ne consomment aucune drogue.<\/p><p>Ce que vous dites et ce que vous faites en tant que parents montre aussi \u00e0 votre enfant ce qui est \u201dnormal\u201c ou non. Quelle place occupe la cigarette chez vous ? Qu\u2019en est-il pour l\u2019alcool et la drogue ?<\/p><p><strong>Maintenir le dialogue<\/strong><\/p><p>Lorsque vous discutez avec votre enfant, il utilise des arguments partag\u00e9s avec ses camarades. Il peut ainsi remettre en question vos opinions en mati\u00e8re de consommation. L\u2019important est d\u2019\u00e9changer vos points de vue et d\u2019aider votre enfant \u00e0 se forger sa propre opinion. Et pour le faire, pourquoi ne pas rechercher ensemble d\u2019autres sources d\u2019informations objectives, voire \u00e9ventuellement consulter un sp\u00e9cialiste ?<\/p>\t\t\t\t\t<\/div>\n\t\t\t\t\t\t<\/div>\n\t\t\t\t<\/div>\n\t\t\t\t\t\t<\/div>\n\t\t\t\t\t<\/div>\n\t\t<\/div>\n\t\t\t\t\t\t\t\t<\/div>\n\t\t\t\t\t<\/div>\n\t\t<\/section>\n\t\t\t\t\t\t<\/div>\n\t\t\t\t\t\t<\/div>\n\t\t\t\t\t<\/div>","protected":false},"excerpt":{"rendered":"<p>Qu\u00eate identitaire, appartenance au groupe, influence des amis Vous d\u00e9plorez peut-\u00eatre certaines fr\u00e9quentations de votre enfant et vous\u00a0 \u00eates souvent inquiets lorsque vous constatez qu\u2019il imite les autres et vous vous demandez jusqu\u2019o\u00f9 il serait pr\u00eat \u00e0 aller pour faire partie d\u2019un groupe. Il est tout \u00e0 fait normal qu\u2019un jeune, dans sa qu\u00eate identitaire, construise son r\u00e9seau de relations\u00a0 en dehors de la maison et hors du regard de ses parents. Les adolescents se d\u00e9tachent petit \u00e0 petit de leur famille et choisissent des amis avec lesquels ils partagent des centres d\u2019int\u00e9r\u00eats. C\u2019est l\u2019occasion de chercher ou de d\u00e9couvrir des facettes que ses proches ne peuvent lui offrir. \u00a0Le groupe de copains devient l\u2019espace qui permet de vivre de nouvelles exp\u00e9riences et de d\u00e9velopper des comp\u00e9tences sociales. Au contact de ses amis, le jeune apprend \u00e0 exprimer ses opinions, \u00e0 les confronter \u00e0 celles des autres. Il d\u00e9couvre comment s\u2019affirmer dans un groupe, comment g\u00e9rer des \u00e9motions comme la peur, l\u2019amour ou l\u2019ins\u00e9curit\u00e9. C\u2019est ainsi qu\u2019il construit petit \u00e0 petit sa personnalit\u00e9, apprend \u00e0 devenir autonome et affirme son identit\u00e9. Ce besoin psychologique d&#8217;appartenir au groupe, fait que l\u2019adolescent subit des pressions directes : faire comme les autres pour \u00eatre accept\u00e9 et ne pas se retrouver seul. Ainsi certains jeunes, par peur d\u2019\u00eatre exclus du groupe ou par crainte de subir des moqueries, fument, boivent de l\u2019alcool, tirent sur des joints ou adoptent des comportements \u00e0 risques tout en sachant que ce n\u2019est pas forc\u00e9ment dans leur int\u00e9r\u00eat. Toutefois certains camarades peuvent avoir une influence positive et peuvent \u00eatre de bon conseil dans certaines situations difficiles. M\u00eame si ce n\u2019est pas toujours facile, il est important que les parents reconnaissent le besoin qu\u2019\u00e9prouve leur adolescent de ressembler \u00e0 ses camarades et de vouloir faire comme eux. Manifester trop ouvertement votre d\u00e9sapprobation envers un camarade peut encourager votre enfant \u00e0 s\u2019en rapprocher davantage. Ce n\u2019est pas parce que votre enfant a besoin du contact avec ses amis qu\u2019il n\u2019a plus besoin de vous. L\u2019influence de la famille, (des parents, des fr\u00e8res et s\u0153urs et d\u2019autres adultes qui entourent le jeune) est tout aussi importante. Il a besoin de vos encouragements et de votre affection \u2013 m\u00eame si vous avez le sentiment de ne plus occuper autant de place dans sa vie. Dans son apprentissage de la libert\u00e9 et de l\u2019autonomie, il a aussi besoin que vous lui fixiez des r\u00e8gles et des limites claires. La normalit\u00e9 et la banalisation de la consommation : \u00ab Les autres le font aussi \u00bb A l&#8217;adolescence, la question de la normalit\u00e9 est importante. Ce que les jeunes consid\u00e8rent comme \u201cnormal\u201d influence leurs d\u00e9cisions. Par exemple, de nombreux adolescents sont convaincus que la plupart des jeunes de leur \u00e2ge ont d\u00e9j\u00e0 fum\u00e9 des cigarettes ou des joints. Ils pensent alors qu\u2019il est normal d\u2019avoir ces comportements de consommation \u00e0 leur \u00e2ge et cela peut inciter certains \u00e0 consommer pour \u00eatre \u201dcomme les autres\u201c. Cette banalisation peut amener un jeune \u00e0 minimiser les risques li\u00e9s \u00e0 la consommation : \u00abSi tout le monde le fait, cela ne doit pas \u00eatre si dangereux!\u00bb. Il est important de savoir que la r\u00e9alit\u00e9 est autre : de nombreux jeunes ne fument pas, ne boivent pas et ne consomment aucune drogue. Ce que vous dites et ce que vous faites en tant que parents montre aussi \u00e0 votre enfant ce qui est \u201dnormal\u201c ou non. Quelle place occupe la cigarette chez vous ? Qu\u2019en est-il pour l\u2019alcool et la drogue ? Maintenir le dialogue Lorsque vous discutez avec votre enfant, il utilise des arguments partag\u00e9s avec ses camarades. Il peut ainsi remettre en question vos opinions en mati\u00e8re de consommation. L\u2019important est d\u2019\u00e9changer vos points de vue et d\u2019aider votre enfant \u00e0 se forger sa propre opinion. Et pour le faire, pourquoi ne pas rechercher ensemble d\u2019autres sources d\u2019informations objectives, voire \u00e9ventuellement consulter un sp\u00e9cialiste ?<\/p>","protected":false},"author":1,"featured_media":0,"parent":0,"menu_order":0,"comment_status":"closed","ping_status":"closed","template":"","meta":[],"yoast_head":"<!-- This site is optimized with the Yoast SEO plugin v18.6 - https:\/\/yoast.com\/wordpress\/plugins\/seo\/ -->\n<title>L\u2019influence des amis - Jil Zine<\/title>\n<meta name=\"description\" content=\"Nous sommes une association de sensibilisation aux m\u00e9faits des drogues. &quot;Tous concern\u00e9s, tous responsables&quot;.\" \/>\n<meta name=\"robots\" content=\"index, follow, max-snippet:-1, max-image-preview:large, max-video-preview:-1\" \/>\n<link rel=\"canonical\" href=\"https:\/\/jilzine.com\/fr\/linfluence-des-amis\/\" \/>\n<meta property=\"og:locale\" content=\"fr_FR\" \/>\n<meta property=\"og:type\" content=\"article\" \/>\n<meta property=\"og:title\" content=\"L\u2019influence des amis - Jil Zine\" \/>\n<meta property=\"og:description\" content=\"Nous sommes une association de sensibilisation aux m\u00e9faits des drogues. &quot;Tous concern\u00e9s, tous responsables&quot;.\" \/>\n<meta property=\"og:url\" content=\"https:\/\/jilzine.com\/fr\/linfluence-des-amis\/\" \/>\n<meta property=\"og:site_name\" content=\"Jil Zine\" \/>\n<meta property=\"article:modified_time\" content=\"2022-04-06T13:24:10+00:00\" \/>\n<meta name=\"twitter:card\" content=\"summary_large_image\" \/>\n<meta name=\"twitter:label1\" content=\"Dur\u00e9e de lecture estim\u00e9e\" \/>\n\t<meta name=\"twitter:data1\" content=\"3 minutes\" \/>\n<script type=\"application\/ld+json\" class=\"yoast-schema-graph\">{\"@context\":\"https:\/\/schema.org\",\"@graph\":[{\"@type\":\"WebSite\",\"@id\":\"https:\/\/jilzine.com\/#website\",\"url\":\"https:\/\/jilzine.com\/\",\"name\":\"Jil Zine\",\"description\":\"Association de sensibilisation aux m\u00e9faits des drogues\",\"potentialAction\":[{\"@type\":\"SearchAction\",\"target\":{\"@type\":\"EntryPoint\",\"urlTemplate\":\"https:\/\/jilzine.com\/?s={search_term_string}\"},\"query-input\":\"required name=search_term_string\"}],\"inLanguage\":\"fr-FR\"},{\"@type\":\"WebPage\",\"@id\":\"https:\/\/jilzine.com\/linfluence-des-amis\/#webpage\",\"url\":\"https:\/\/jilzine.com\/linfluence-des-amis\/\",\"name\":\"L\u2019influence des amis - Jil Zine\",\"isPartOf\":{\"@id\":\"https:\/\/jilzine.com\/#website\"},\"datePublished\":\"2022-03-09T09:36:59+00:00\",\"dateModified\":\"2022-04-06T13:24:10+00:00\",\"description\":\"Nous sommes une association de sensibilisation aux m\u00e9faits des drogues. \\\"Tous concern\u00e9s, tous responsables\\\".\",\"breadcrumb\":{\"@id\":\"https:\/\/jilzine.com\/linfluence-des-amis\/#breadcrumb\"},\"inLanguage\":\"fr-FR\",\"potentialAction\":[{\"@type\":\"ReadAction\",\"target\":[\"https:\/\/jilzine.com\/linfluence-des-amis\/\"]}]},{\"@type\":\"BreadcrumbList\",\"@id\":\"https:\/\/jilzine.com\/linfluence-des-amis\/#breadcrumb\",\"itemListElement\":[{\"@type\":\"ListItem\",\"position\":1,\"name\":\"Accueil\",\"item\":\"https:\/\/jilzine.com\/\"},{\"@type\":\"ListItem\",\"position\":2,\"name\":\"L\u2019influence des amis\"}]}]}<\/script>\n<!-- \/ Yoast SEO plugin. -->","yoast_head_json":{"title":"L\u2019influence des amis - Jil Zine","description":"Nous sommes une association de sensibilisation aux m\u00e9faits des drogues. \"Tous concern\u00e9s, tous responsables\".","robots":{"index":"index","follow":"follow","max-snippet":"max-snippet:-1","max-image-preview":"max-image-preview:large","max-video-preview":"max-video-preview:-1"},"canonical":"https:\/\/jilzine.com\/fr\/linfluence-des-amis\/","og_locale":"fr_FR","og_type":"article","og_title":"L\u2019influence des amis - Jil Zine","og_description":"Nous sommes une association de sensibilisation aux m\u00e9faits des drogues. \"Tous concern\u00e9s, tous responsables\".","og_url":"https:\/\/jilzine.com\/fr\/linfluence-des-amis\/","og_site_name":"Jil Zine","article_modified_time":"2022-04-06T13:24:10+00:00","twitter_card":"summary_large_image","twitter_misc":{"Dur\u00e9e de lecture estim\u00e9e":"3 minutes"},"schema":{"@context":"https:\/\/schema.org","@graph":[{"@type":"WebSite","@id":"https:\/\/jilzine.com\/#website","url":"https:\/\/jilzine.com\/","name":"Jil Zine","description":"Association de sensibilisation aux m\u00e9faits des drogues","potentialAction":[{"@type":"SearchAction","target":{"@type":"EntryPoint","urlTemplate":"https:\/\/jilzine.com\/?s={search_term_string}"},"query-input":"required name=search_term_string"}],"inLanguage":"fr-FR"},{"@type":"WebPage","@id":"https:\/\/jilzine.com\/linfluence-des-amis\/#webpage","url":"https:\/\/jilzine.com\/linfluence-des-amis\/","name":"L\u2019influence des amis - Jil Zine","isPartOf":{"@id":"https:\/\/jilzine.com\/#website"},"datePublished":"2022-03-09T09:36:59+00:00","dateModified":"2022-04-06T13:24:10+00:00","description":"Nous sommes une association de sensibilisation aux m\u00e9faits des drogues. \"Tous concern\u00e9s, tous responsables\".","breadcrumb":{"@id":"https:\/\/jilzine.com\/linfluence-des-amis\/#breadcrumb"},"inLanguage":"fr-FR","potentialAction":[{"@type":"ReadAction","target":["https:\/\/jilzine.com\/linfluence-des-amis\/"]}]},{"@type":"BreadcrumbList","@id":"https:\/\/jilzine.com\/linfluence-des-amis\/#breadcrumb","itemListElement":[{"@type":"ListItem","position":1,"name":"Accueil","item":"https:\/\/jilzine.com\/"},{"@type":"ListItem","position":2,"name":"L\u2019influence des amis"}]}]}},"_links":{"self":[{"href":"https:\/\/jilzine.com\/fr\/wp-json\/wp\/v2\/pages\/5971"}],"collection":[{"href":"https:\/\/jilzine.com\/fr\/wp-json\/wp\/v2\/pages"}],"about":[{"href":"https:\/\/jilzine.com\/fr\/wp-json\/wp\/v2\/types\/page"}],"author":[{"embeddable":true,"href":"https:\/\/jilzine.com\/fr\/wp-json\/wp\/v2\/users\/1"}],"replies":[{"embeddable":true,"href":"https:\/\/jilzine.com\/fr\/wp-json\/wp\/v2\/comments?post=5971"}],"version-history":[{"count":2,"href":"https:\/\/jilzine.com\/fr\/wp-json\/wp\/v2\/pages\/5971\/revisions"}],"predecessor-version":[{"id":6062,"href":"https:\/\/jilzine.com\/fr\/wp-json\/wp\/v2\/pages\/5971\/revisions\/6062"}],"wp:attachment":[{"href":"https:\/\/jilzine.com\/fr\/wp-json\/wp\/v2\/media?parent=5971"}],"curies":[{"name":"wp","href":"https:\/\/api.w.org\/{rel}","templated":true}]}}