{"id":5968,"date":"2022-03-09T09:34:51","date_gmt":"2022-03-09T09:34:51","guid":{"rendered":"https:\/\/jilzine.com\/?page_id=5968"},"modified":"2022-04-06T13:24:10","modified_gmt":"2022-04-06T13:24:10","slug":"lequilibre-entre-autorite-et-tolerance","status":"publish","type":"page","link":"https:\/\/jilzine.com\/fr\/lequilibre-entre-autorite-et-tolerance\/","title":{"rendered":"L\u2019\u00e9quilibre entre autorit\u00e9 et tol\u00e9rance"},"content":{"rendered":"<div data-elementor-type=\"wp-page\" data-elementor-id=\"5968\" class=\"elementor elementor-5968\" data-elementor-settings=\"[]\">\n\t\t\t\t\t\t<div class=\"elementor-inner\">\n\t\t\t\t\t\t\t<div class=\"elementor-section-wrap\">\n\t\t\t\t\t\t\t<section data-particle_enable=\"false\" data-particle-mobile-disabled=\"false\" class=\"elementor-section elementor-top-section elementor-element elementor-element-b9c4d8d elementor-section-boxed elementor-section-gap-beside-yes elementor-section-height-default elementor-section-height-default elementor-section-column-vertical-align-stretch\" data-id=\"b9c4d8d\" data-element_type=\"section\">\n\t\t\t\t\t\t<div class=\"elementor-container elementor-column-gap-extended\">\n\t\t\t\t\t\t\t<div class=\"elementor-row\">\n\t\t\t\t\t<div class=\"elementor-column elementor-col-100 elementor-top-column elementor-element elementor-element-c915a5a\" data-id=\"c915a5a\" data-element_type=\"column\">\n\t\t\t<div class=\"elementor-column-wrap elementor-element-populated\">\n\t\t\t\t\t\t\t<div class=\"elementor-widget-wrap\">\n\t\t\t\t\t\t<div class=\"elementor-element elementor-element-e3cd4f7 elementor-widget elementor-widget-text-editor\" data-id=\"e3cd4f7\" data-element_type=\"widget\" data-widget_type=\"text-editor.default\">\n\t\t\t\t<div class=\"elementor-widget-container\">\n\t\t\t\t\t\t\t\t<div class=\"elementor-text-editor elementor-clearfix\">\n\t\t\t\t<p>\u00ab<em><strong><span style=\"color: #800080;\"> L\u2019autorit\u00e9, c\u2019est d\u2019abord donner des autorisations, avant de donner des interdits.<\/span><\/strong><\/em>\u00bb Daniel Marcelli<\/p><blockquote><h5>\u00catre parent ?<\/h5><\/blockquote><p>La base de toute relation avec son enfant pour construire son identit\u00e9 est la communication: l\u2019\u00e9couter, le comprendre, l&#8217;encourager, le soutenir, lui faire confiance, partager ses loisirs, le valoriser, le responsabiliser\u2026<\/p><p>Toutefois pour sa propre <strong>s\u00e9curit\u00e9 il a besoin d\u2019une boussole pour s\u2019orienter e<\/strong>t d\u2019un cadre qui\u00a0 lui offre \u00e0 la fois son autonomie (il a le droit de sortir, d\u2019aller \u00e0 une f\u00eate, etc.) et lui fixe des limites et certaines <em>r\u00e8gles<\/em> <em>(heure de rentr\u00e9e, \u00eatre pr\u00e9sent aux repas, ne pas fumer,\u00a0 ne pas consommer de substances illicites, etc.).<\/em><\/p><p>Par cons\u00e9quent <strong>et toujours pour la s\u00e9curit\u00e9 de l&#8217;enfant, les<\/strong> parents doivent rester fermes sur certaines r\u00e8gles. Cependant, qui dit fermet\u00e9 ne dit pas obligatoirement\u00a0 rigidit\u00e9. Une r\u00e8gle n\u2019est pas infaillible, elle devrait s\u2019adapter \u00e0 l&#8217;\u00e2ge de l\u2019enfant et aux situations exceptionnelles.<\/p><p>\u00a0Les r\u00e8gles doivent \u00eatre instaur\u00e9es\u00a0 <strong>ensemble avec son enfant et <\/strong>\u00e0 l\u2019avance.\u00a0 Ainsi, votre enfant sait \u00e0 quoi s\u2019attendre s\u2019il d\u00e9sob\u00e9it.<\/p><p>\u00a0Si ces r\u00e8gles <strong>ne <\/strong>sont pas respect\u00e9es, il est judicieux de :<\/p><ul><li style=\"list-style-type: none;\"><ul><li>ne pas s\u2019emporter,<\/li><li>lui donner l&#8217;occasion de s\u2019expliquer,<\/li><li>r\u00e9fl\u00e9chir avant de prendre une d\u00e9cision,<\/li><li>\u00e9viter les sanctions inapplicables.<\/li><\/ul><\/li><\/ul><p>N\u2019oubliez pas de valoriser les comportement positifs et d\u2019encourager votre enfant lorsque vous notez qu\u2019il respecte les r\u00e8gles en place.<\/p>\t\t\t\t\t<\/div>\n\t\t\t\t\t\t<\/div>\n\t\t\t\t<\/div>\n\t\t\t\t\t\t<\/div>\n\t\t\t\t\t<\/div>\n\t\t<\/div>\n\t\t\t\t\t\t\t\t<\/div>\n\t\t\t\t\t<\/div>\n\t\t<\/section>\n\t\t\t\t\t\t<\/div>\n\t\t\t\t\t\t<\/div>\n\t\t\t\t\t<\/div>","protected":false},"excerpt":{"rendered":"<p>\u00ab L\u2019autorit\u00e9, c\u2019est d\u2019abord donner des autorisations, avant de donner des interdits.\u00bb Daniel Marcelli \u00catre parent ? La base de toute relation avec son enfant pour construire son identit\u00e9 est la communication: l\u2019\u00e9couter, le comprendre, l&#8217;encourager, le soutenir, lui faire confiance, partager ses loisirs, le valoriser, le responsabiliser\u2026 Toutefois pour sa propre s\u00e9curit\u00e9 il a besoin d\u2019une boussole pour s\u2019orienter et d\u2019un cadre qui\u00a0 lui offre \u00e0 la fois son autonomie (il a le droit de sortir, d\u2019aller \u00e0 une f\u00eate, etc.) et lui fixe des limites et certaines r\u00e8gles (heure de rentr\u00e9e, \u00eatre pr\u00e9sent aux repas, ne pas fumer,\u00a0 ne pas consommer de substances illicites, etc.). Par cons\u00e9quent et toujours pour la s\u00e9curit\u00e9 de l&#8217;enfant, les parents doivent rester fermes sur certaines r\u00e8gles. Cependant, qui dit fermet\u00e9 ne dit pas obligatoirement\u00a0 rigidit\u00e9. Une r\u00e8gle n\u2019est pas infaillible, elle devrait s\u2019adapter \u00e0 l&#8217;\u00e2ge de l\u2019enfant et aux situations exceptionnelles. \u00a0Les r\u00e8gles doivent \u00eatre instaur\u00e9es\u00a0 ensemble avec son enfant et \u00e0 l\u2019avance.\u00a0 Ainsi, votre enfant sait \u00e0 quoi s\u2019attendre s\u2019il d\u00e9sob\u00e9it. \u00a0Si ces r\u00e8gles ne sont pas respect\u00e9es, il est judicieux de : ne pas s\u2019emporter, lui donner l&#8217;occasion de s\u2019expliquer, r\u00e9fl\u00e9chir avant de prendre une d\u00e9cision, \u00e9viter les sanctions inapplicables. N\u2019oubliez pas de valoriser les comportement positifs et d\u2019encourager votre enfant lorsque vous notez qu\u2019il respecte les r\u00e8gles en place.<\/p>","protected":false},"author":1,"featured_media":0,"parent":0,"menu_order":0,"comment_status":"closed","ping_status":"closed","template":"","meta":[],"yoast_head":"<!-- This site is optimized with the Yoast SEO plugin v18.6 - https:\/\/yoast.com\/wordpress\/plugins\/seo\/ -->\n<title>L\u2019\u00e9quilibre entre autorit\u00e9 et tol\u00e9rance - Jil Zine<\/title>\n<meta name=\"description\" content=\"Nous sommes une association de sensibilisation aux m\u00e9faits des drogues. &quot;Tous concern\u00e9s, tous responsables&quot;.\" \/>\n<meta name=\"robots\" content=\"index, follow, max-snippet:-1, max-image-preview:large, max-video-preview:-1\" \/>\n<link rel=\"canonical\" href=\"https:\/\/jilzine.com\/fr\/lequilibre-entre-autorite-et-tolerance\/\" \/>\n<meta property=\"og:locale\" content=\"fr_FR\" \/>\n<meta property=\"og:type\" content=\"article\" \/>\n<meta property=\"og:title\" content=\"L\u2019\u00e9quilibre entre autorit\u00e9 et tol\u00e9rance - Jil Zine\" \/>\n<meta property=\"og:description\" content=\"Nous sommes une association de sensibilisation aux m\u00e9faits des drogues. &quot;Tous concern\u00e9s, tous responsables&quot;.\" \/>\n<meta property=\"og:url\" content=\"https:\/\/jilzine.com\/fr\/lequilibre-entre-autorite-et-tolerance\/\" \/>\n<meta property=\"og:site_name\" content=\"Jil Zine\" \/>\n<meta property=\"article:modified_time\" content=\"2022-04-06T13:24:10+00:00\" \/>\n<meta name=\"twitter:card\" content=\"summary_large_image\" \/>\n<meta name=\"twitter:label1\" content=\"Dur\u00e9e de lecture estim\u00e9e\" \/>\n\t<meta name=\"twitter:data1\" content=\"1 minute\" \/>\n<script type=\"application\/ld+json\" class=\"yoast-schema-graph\">{\"@context\":\"https:\/\/schema.org\",\"@graph\":[{\"@type\":\"WebSite\",\"@id\":\"https:\/\/jilzine.com\/#website\",\"url\":\"https:\/\/jilzine.com\/\",\"name\":\"Jil Zine\",\"description\":\"Association de sensibilisation aux m\u00e9faits des drogues\",\"potentialAction\":[{\"@type\":\"SearchAction\",\"target\":{\"@type\":\"EntryPoint\",\"urlTemplate\":\"https:\/\/jilzine.com\/?s={search_term_string}\"},\"query-input\":\"required name=search_term_string\"}],\"inLanguage\":\"fr-FR\"},{\"@type\":\"WebPage\",\"@id\":\"https:\/\/jilzine.com\/lequilibre-entre-autorite-et-tolerance\/#webpage\",\"url\":\"https:\/\/jilzine.com\/lequilibre-entre-autorite-et-tolerance\/\",\"name\":\"L\u2019\u00e9quilibre entre autorit\u00e9 et tol\u00e9rance - Jil Zine\",\"isPartOf\":{\"@id\":\"https:\/\/jilzine.com\/#website\"},\"datePublished\":\"2022-03-09T09:34:51+00:00\",\"dateModified\":\"2022-04-06T13:24:10+00:00\",\"description\":\"Nous sommes une association de sensibilisation aux m\u00e9faits des drogues. \\\"Tous concern\u00e9s, tous responsables\\\".\",\"breadcrumb\":{\"@id\":\"https:\/\/jilzine.com\/lequilibre-entre-autorite-et-tolerance\/#breadcrumb\"},\"inLanguage\":\"fr-FR\",\"potentialAction\":[{\"@type\":\"ReadAction\",\"target\":[\"https:\/\/jilzine.com\/lequilibre-entre-autorite-et-tolerance\/\"]}]},{\"@type\":\"BreadcrumbList\",\"@id\":\"https:\/\/jilzine.com\/lequilibre-entre-autorite-et-tolerance\/#breadcrumb\",\"itemListElement\":[{\"@type\":\"ListItem\",\"position\":1,\"name\":\"Accueil\",\"item\":\"https:\/\/jilzine.com\/\"},{\"@type\":\"ListItem\",\"position\":2,\"name\":\"L\u2019\u00e9quilibre entre autorit\u00e9 et tol\u00e9rance\"}]}]}<\/script>\n<!-- \/ Yoast SEO plugin. -->","yoast_head_json":{"title":"L\u2019\u00e9quilibre entre autorit\u00e9 et tol\u00e9rance - Jil Zine","description":"Nous sommes une association de sensibilisation aux m\u00e9faits des drogues. \"Tous concern\u00e9s, tous responsables\".","robots":{"index":"index","follow":"follow","max-snippet":"max-snippet:-1","max-image-preview":"max-image-preview:large","max-video-preview":"max-video-preview:-1"},"canonical":"https:\/\/jilzine.com\/fr\/lequilibre-entre-autorite-et-tolerance\/","og_locale":"fr_FR","og_type":"article","og_title":"L\u2019\u00e9quilibre entre autorit\u00e9 et tol\u00e9rance - Jil Zine","og_description":"Nous sommes une association de sensibilisation aux m\u00e9faits des drogues. \"Tous concern\u00e9s, tous responsables\".","og_url":"https:\/\/jilzine.com\/fr\/lequilibre-entre-autorite-et-tolerance\/","og_site_name":"Jil Zine","article_modified_time":"2022-04-06T13:24:10+00:00","twitter_card":"summary_large_image","twitter_misc":{"Dur\u00e9e de lecture estim\u00e9e":"1 minute"},"schema":{"@context":"https:\/\/schema.org","@graph":[{"@type":"WebSite","@id":"https:\/\/jilzine.com\/#website","url":"https:\/\/jilzine.com\/","name":"Jil Zine","description":"Association de sensibilisation aux m\u00e9faits des drogues","potentialAction":[{"@type":"SearchAction","target":{"@type":"EntryPoint","urlTemplate":"https:\/\/jilzine.com\/?s={search_term_string}"},"query-input":"required name=search_term_string"}],"inLanguage":"fr-FR"},{"@type":"WebPage","@id":"https:\/\/jilzine.com\/lequilibre-entre-autorite-et-tolerance\/#webpage","url":"https:\/\/jilzine.com\/lequilibre-entre-autorite-et-tolerance\/","name":"L\u2019\u00e9quilibre entre autorit\u00e9 et tol\u00e9rance - Jil Zine","isPartOf":{"@id":"https:\/\/jilzine.com\/#website"},"datePublished":"2022-03-09T09:34:51+00:00","dateModified":"2022-04-06T13:24:10+00:00","description":"Nous sommes une association de sensibilisation aux m\u00e9faits des drogues. \"Tous concern\u00e9s, tous responsables\".","breadcrumb":{"@id":"https:\/\/jilzine.com\/lequilibre-entre-autorite-et-tolerance\/#breadcrumb"},"inLanguage":"fr-FR","potentialAction":[{"@type":"ReadAction","target":["https:\/\/jilzine.com\/lequilibre-entre-autorite-et-tolerance\/"]}]},{"@type":"BreadcrumbList","@id":"https:\/\/jilzine.com\/lequilibre-entre-autorite-et-tolerance\/#breadcrumb","itemListElement":[{"@type":"ListItem","position":1,"name":"Accueil","item":"https:\/\/jilzine.com\/"},{"@type":"ListItem","position":2,"name":"L\u2019\u00e9quilibre entre autorit\u00e9 et tol\u00e9rance"}]}]}},"_links":{"self":[{"href":"https:\/\/jilzine.com\/fr\/wp-json\/wp\/v2\/pages\/5968"}],"collection":[{"href":"https:\/\/jilzine.com\/fr\/wp-json\/wp\/v2\/pages"}],"about":[{"href":"https:\/\/jilzine.com\/fr\/wp-json\/wp\/v2\/types\/page"}],"author":[{"embeddable":true,"href":"https:\/\/jilzine.com\/fr\/wp-json\/wp\/v2\/users\/1"}],"replies":[{"embeddable":true,"href":"https:\/\/jilzine.com\/fr\/wp-json\/wp\/v2\/comments?post=5968"}],"version-history":[{"count":2,"href":"https:\/\/jilzine.com\/fr\/wp-json\/wp\/v2\/pages\/5968\/revisions"}],"predecessor-version":[{"id":6061,"href":"https:\/\/jilzine.com\/fr\/wp-json\/wp\/v2\/pages\/5968\/revisions\/6061"}],"wp:attachment":[{"href":"https:\/\/jilzine.com\/fr\/wp-json\/wp\/v2\/media?parent=5968"}],"curies":[{"name":"wp","href":"https:\/\/api.w.org\/{rel}","templated":true}]}}