{"id":5965,"date":"2022-03-09T09:34:20","date_gmt":"2022-03-09T09:34:20","guid":{"rendered":"https:\/\/jilzine.com\/?page_id=5965"},"modified":"2022-04-06T13:24:10","modified_gmt":"2022-04-06T13:24:10","slug":"indices-de-consommation","status":"publish","type":"page","link":"https:\/\/jilzine.com\/fr\/indices-de-consommation\/","title":{"rendered":"Indices de consommation"},"content":{"rendered":"<div data-elementor-type=\"wp-page\" data-elementor-id=\"5965\" class=\"elementor elementor-5965\" data-elementor-settings=\"[]\">\n\t\t\t\t\t\t<div class=\"elementor-inner\">\n\t\t\t\t\t\t\t<div class=\"elementor-section-wrap\">\n\t\t\t\t\t\t\t<section data-particle_enable=\"false\" data-particle-mobile-disabled=\"false\" class=\"elementor-section elementor-top-section elementor-element elementor-element-519d2c9 elementor-section-boxed elementor-section-gap-beside-yes elementor-section-height-default elementor-section-height-default elementor-section-column-vertical-align-stretch\" data-id=\"519d2c9\" data-element_type=\"section\">\n\t\t\t\t\t\t<div class=\"elementor-container elementor-column-gap-extended\">\n\t\t\t\t\t\t\t<div class=\"elementor-row\">\n\t\t\t\t\t<div class=\"elementor-column elementor-col-100 elementor-top-column elementor-element elementor-element-5cde3ed\" data-id=\"5cde3ed\" data-element_type=\"column\">\n\t\t\t<div class=\"elementor-column-wrap elementor-element-populated\">\n\t\t\t\t\t\t\t<div class=\"elementor-widget-wrap\">\n\t\t\t\t\t\t<div class=\"elementor-element elementor-element-a9f77ec elementor-widget elementor-widget-text-editor\" data-id=\"a9f77ec\" data-element_type=\"widget\" data-widget_type=\"text-editor.default\">\n\t\t\t\t<div class=\"elementor-widget-container\">\n\t\t\t\t\t\t\t\t<div class=\"elementor-text-editor elementor-clearfix\">\n\t\t\t\t<h4><span style=\"color: #de2100;\">Comment savoir si votre enfant se drogue ?<\/span><\/h4><p>La consommation de drogue commence par une phase d\u2019exp\u00e9rimentation pour devenir par la suite\u00a0 assidue et finalement aboutir \u00e0\u00a0 l\u2019addiction.<\/p><p>Voi\u00e7i des signaux d\u2019alerte auxquels il faut \u00eatre vigilants en tant que parents. Toutefois la pubert\u00e9, un chagrin d&#8217;amour, ou une perturbation affective peuvent aussi engendrer des signes similaires. Il faudrait donc communiquer avec son enfant pour pouvoir faire la part des choses.<\/p><h5><span style=\"color: #339966;\"><strong><em>Premiers signes s\u00e9rieux:<\/em><\/strong><\/span><\/h5><blockquote><p><strong>Sympt\u00f4mes physiques:<\/strong><\/p><\/blockquote><ul><li>Yeux cern\u00e9s, ou rouges et pupilles dilat\u00e9es\u2026<\/li><li>S\u00e9cheresse de la gorge, toux s\u00e8che, haleine particuli\u00e8re\u2026<\/li><li>Troubles de sommeil : sommeil irr\u00e9gulier, somnolence\u2026<\/li><li>Troubles d\u2019app\u00e9tit: boulimie ou, au contraire, perte d&#8217;app\u00e9tit\u2026<\/li><li>Odeur sur les v\u00eatements\u2026<\/li><\/ul><blockquote><p><strong>Changement de comportement:<\/strong><\/p><\/blockquote><ul><li>Absences de plus en plus fr\u00e9quentes,<\/li><li>Entr\u00e9e le soir \u00e0 n&#8217;importe quelle heure sans pr\u00e9venir,<\/li><li>Isolement: il s&#8217;enferme pour plusieurs heures dans sa chambre ,<\/li><li>A\u00e9ration ou d\u00e9sodorisation de sa chambre.<\/li><li>Changement de groupe d&#8217;amis, refus de vous pr\u00e9senter certains amis,<\/li><li>R\u00e9ponses \u00e9vasives en cas de questionnement sur ses activit\u00e9s,<\/li><\/ul><blockquote><p><strong>Scolarit\u00e9 et activit\u00e9s:<\/strong><\/p><\/blockquote><ul><li>Absences r\u00e9p\u00e9t\u00e9es \u00e0 l&#8217;\u00e9cole<\/li><li>Baisse alarmante et incompr\u00e9hensible des r\u00e9sultats scolaires ;<\/li><li>Abandon d&#8217;activit\u00e9s sportives ou autres,<\/li><\/ul><blockquote><p><strong>Objets suspects:<\/strong><\/p><\/blockquote><ul><li>Papier pour rouler des cigarettes (qui sert \u00e0 faire des joints),<\/li><li>Drag\u00e9es ou produit pour &#8220;purifier l&#8217;haleine&#8221; (qui permettent de masquer l&#8217;odeur du cannabis entre autre)<\/li><\/ul><h5>\u00a0<\/h5><h5><span style=\"color: #339966;\"><strong><em>Indices clairs (d\u00e9j\u00e0 tardifs<\/em><\/strong><strong><em>):<\/em><\/strong><\/span><\/h5><blockquote><p><strong>Troubles physiques<\/strong><\/p><\/blockquote><ul><li>N\u00e9gligence soudaine de l&#8217;hygi\u00e8ne corporelle et de l&#8217;habillement<\/li><li>Malaises fr\u00e9quents (vomissements, maux d&#8217;estomac)<\/li><li>Transpiration excessive<\/li><li>Tremblements<\/li><li>Essoufflement, douleurs de poitrine<\/li><li>Reniflements fr\u00e9quents, frottement du nez, crachats de mucus noir<\/li><\/ul><blockquote><p><strong>Troubles d\u2019humeur et de comportement<\/strong><\/p><\/blockquote><ul><li>Apathie et indiff\u00e9rence<\/li><li>Alternance de phases d&#8217;excitation (parole abondante) puis d&#8217;abattement<\/li><li>Irritabilit\u00e9 et agressivit\u00e9 soudaine.<\/li><li>Effondrement face \u00e0 l&#8217;effort<\/li><\/ul><blockquote><p><strong>Troubles cognitifs<\/strong><\/p><\/blockquote><ul><li>Probl\u00e8mes de concentration<\/li><li>Trous de m\u00e9moire, confusions<\/li><li>Difficult\u00e9s d&#8217;\u00e9locution comme une personne un peu ivre<\/li><\/ul><h5><span style=\"color: #339966;\"><strong><em>Signes certains<\/em><\/strong><\/span><\/h5><blockquote><p><strong>Besoin d&#8217;argent<\/strong><\/p><\/blockquote><ul><li>Vente d&#8217;objets personnels (walkman, cha\u00eene st\u00e9r\u00e9o, Playstation, montre, etc);<\/li><li>Vols en magasins ou dans le milieu familial ;<\/li><\/ul><blockquote><p><strong>Ustensiles typiques<\/strong> :<\/p><\/blockquote><ul><li>Briquets,<\/li><li>Couteau ou cuill\u00e8re noircie par la suie<\/li><li>Seringue ou n\u00e9cessaire d&#8217;injection<\/li><li>Pailles (utilis\u00e9es pour &#8220;sniffer&#8221;)<\/li><\/ul><blockquote><p><strong>Substances consomm\u00e9es:<\/strong><\/p><\/blockquote><ul><li>Tiges ou feuilles s\u00e9ch\u00e9es de cannabis ressemblant au tabac<\/li><li>G\u00e9lules ou sachets remplis de poudre plus ou moins brun\u00e2tre ;<\/li><li>Comprim\u00e9s multicolores et inconnus ;<\/li><\/ul><blockquote><p><strong>Signes physiques r\u00e9v\u00e9lateurs:<\/strong><\/p><\/blockquote><ul><li>Traces d&#8217;injection<\/li><li>Hallucinations.<\/li><\/ul>\t\t\t\t\t<\/div>\n\t\t\t\t\t\t<\/div>\n\t\t\t\t<\/div>\n\t\t\t\t\t\t<\/div>\n\t\t\t\t\t<\/div>\n\t\t<\/div>\n\t\t\t\t\t\t\t\t<\/div>\n\t\t\t\t\t<\/div>\n\t\t<\/section>\n\t\t\t\t\t\t<\/div>\n\t\t\t\t\t\t<\/div>\n\t\t\t\t\t<\/div>","protected":false},"excerpt":{"rendered":"<p>Comment savoir si votre enfant se drogue ? La consommation de drogue commence par une phase d\u2019exp\u00e9rimentation pour devenir par la suite\u00a0 assidue et finalement aboutir \u00e0\u00a0 l\u2019addiction. Voi\u00e7i des signaux d\u2019alerte auxquels il faut \u00eatre vigilants en tant que parents. Toutefois la pubert\u00e9, un chagrin d&#8217;amour, ou une perturbation affective peuvent aussi engendrer des signes similaires. Il faudrait donc communiquer avec son enfant pour pouvoir faire la part des choses. Premiers signes s\u00e9rieux: Sympt\u00f4mes physiques: Yeux cern\u00e9s, ou rouges et pupilles dilat\u00e9es\u2026 S\u00e9cheresse de la gorge, toux s\u00e8che, haleine particuli\u00e8re\u2026 Troubles de sommeil : sommeil irr\u00e9gulier, somnolence\u2026 Troubles d\u2019app\u00e9tit: boulimie ou, au contraire, perte d&#8217;app\u00e9tit\u2026 Odeur sur les v\u00eatements\u2026 Changement de comportement: Absences de plus en plus fr\u00e9quentes, Entr\u00e9e le soir \u00e0 n&#8217;importe quelle heure sans pr\u00e9venir, Isolement: il s&#8217;enferme pour plusieurs heures dans sa chambre , A\u00e9ration ou d\u00e9sodorisation de sa chambre. Changement de groupe d&#8217;amis, refus de vous pr\u00e9senter certains amis, R\u00e9ponses \u00e9vasives en cas de questionnement sur ses activit\u00e9s, Scolarit\u00e9 et activit\u00e9s: Absences r\u00e9p\u00e9t\u00e9es \u00e0 l&#8217;\u00e9cole Baisse alarmante et incompr\u00e9hensible des r\u00e9sultats scolaires ; Abandon d&#8217;activit\u00e9s sportives ou autres, Objets suspects: Papier pour rouler des cigarettes (qui sert \u00e0 faire des joints), Drag\u00e9es ou produit pour &#8220;purifier l&#8217;haleine&#8221; (qui permettent de masquer l&#8217;odeur du cannabis entre autre) \u00a0 Indices clairs (d\u00e9j\u00e0 tardifs): Troubles physiques N\u00e9gligence soudaine de l&#8217;hygi\u00e8ne corporelle et de l&#8217;habillement Malaises fr\u00e9quents (vomissements, maux d&#8217;estomac) Transpiration excessive Tremblements Essoufflement, douleurs de poitrine Reniflements fr\u00e9quents, frottement du nez, crachats de mucus noir Troubles d\u2019humeur et de comportement Apathie et indiff\u00e9rence Alternance de phases d&#8217;excitation (parole abondante) puis d&#8217;abattement Irritabilit\u00e9 et agressivit\u00e9 soudaine. Effondrement face \u00e0 l&#8217;effort Troubles cognitifs Probl\u00e8mes de concentration Trous de m\u00e9moire, confusions Difficult\u00e9s d&#8217;\u00e9locution comme une personne un peu ivre Signes certains Besoin d&#8217;argent Vente d&#8217;objets personnels (walkman, cha\u00eene st\u00e9r\u00e9o, Playstation, montre, etc); Vols en magasins ou dans le milieu familial ; Ustensiles typiques : Briquets, Couteau ou cuill\u00e8re noircie par la suie Seringue ou n\u00e9cessaire d&#8217;injection Pailles (utilis\u00e9es pour &#8220;sniffer&#8221;) Substances consomm\u00e9es: Tiges ou feuilles s\u00e9ch\u00e9es de cannabis ressemblant au tabac G\u00e9lules ou sachets remplis de poudre plus ou moins brun\u00e2tre ; Comprim\u00e9s multicolores et inconnus ; Signes physiques r\u00e9v\u00e9lateurs: Traces d&#8217;injection Hallucinations.<\/p>","protected":false},"author":1,"featured_media":0,"parent":0,"menu_order":0,"comment_status":"closed","ping_status":"closed","template":"","meta":[],"yoast_head":"<!-- This site is optimized with the Yoast SEO plugin v18.6 - https:\/\/yoast.com\/wordpress\/plugins\/seo\/ -->\n<title>Indices de consommation - Jil Zine<\/title>\n<meta name=\"description\" content=\"Nous sommes une association de sensibilisation aux m\u00e9faits des drogues. &quot;Tous concern\u00e9s, tous responsables&quot;.\" \/>\n<meta name=\"robots\" content=\"index, follow, max-snippet:-1, max-image-preview:large, max-video-preview:-1\" \/>\n<link rel=\"canonical\" href=\"https:\/\/jilzine.com\/fr\/indices-de-consommation\/\" \/>\n<meta property=\"og:locale\" content=\"fr_FR\" \/>\n<meta property=\"og:type\" content=\"article\" \/>\n<meta property=\"og:title\" content=\"Indices de consommation - Jil Zine\" \/>\n<meta property=\"og:description\" content=\"Nous sommes une association de sensibilisation aux m\u00e9faits des drogues. &quot;Tous concern\u00e9s, tous responsables&quot;.\" \/>\n<meta property=\"og:url\" content=\"https:\/\/jilzine.com\/fr\/indices-de-consommation\/\" \/>\n<meta property=\"og:site_name\" content=\"Jil Zine\" \/>\n<meta property=\"article:modified_time\" content=\"2022-04-06T13:24:10+00:00\" \/>\n<meta name=\"twitter:card\" content=\"summary_large_image\" \/>\n<meta name=\"twitter:label1\" content=\"Dur\u00e9e de lecture estim\u00e9e\" \/>\n\t<meta name=\"twitter:data1\" content=\"2 minutes\" \/>\n<script type=\"application\/ld+json\" class=\"yoast-schema-graph\">{\"@context\":\"https:\/\/schema.org\",\"@graph\":[{\"@type\":\"WebSite\",\"@id\":\"https:\/\/jilzine.com\/#website\",\"url\":\"https:\/\/jilzine.com\/\",\"name\":\"Jil Zine\",\"description\":\"Association de sensibilisation aux m\u00e9faits des drogues\",\"potentialAction\":[{\"@type\":\"SearchAction\",\"target\":{\"@type\":\"EntryPoint\",\"urlTemplate\":\"https:\/\/jilzine.com\/?s={search_term_string}\"},\"query-input\":\"required name=search_term_string\"}],\"inLanguage\":\"fr-FR\"},{\"@type\":\"WebPage\",\"@id\":\"https:\/\/jilzine.com\/indices-de-consommation\/#webpage\",\"url\":\"https:\/\/jilzine.com\/indices-de-consommation\/\",\"name\":\"Indices de consommation - Jil Zine\",\"isPartOf\":{\"@id\":\"https:\/\/jilzine.com\/#website\"},\"datePublished\":\"2022-03-09T09:34:20+00:00\",\"dateModified\":\"2022-04-06T13:24:10+00:00\",\"description\":\"Nous sommes une association de sensibilisation aux m\u00e9faits des drogues. \\\"Tous concern\u00e9s, tous responsables\\\".\",\"breadcrumb\":{\"@id\":\"https:\/\/jilzine.com\/indices-de-consommation\/#breadcrumb\"},\"inLanguage\":\"fr-FR\",\"potentialAction\":[{\"@type\":\"ReadAction\",\"target\":[\"https:\/\/jilzine.com\/indices-de-consommation\/\"]}]},{\"@type\":\"BreadcrumbList\",\"@id\":\"https:\/\/jilzine.com\/indices-de-consommation\/#breadcrumb\",\"itemListElement\":[{\"@type\":\"ListItem\",\"position\":1,\"name\":\"Accueil\",\"item\":\"https:\/\/jilzine.com\/\"},{\"@type\":\"ListItem\",\"position\":2,\"name\":\"Indices de consommation\"}]}]}<\/script>\n<!-- \/ Yoast SEO plugin. -->","yoast_head_json":{"title":"Indices de consommation - Jil Zine","description":"Nous sommes une association de sensibilisation aux m\u00e9faits des drogues. \"Tous concern\u00e9s, tous responsables\".","robots":{"index":"index","follow":"follow","max-snippet":"max-snippet:-1","max-image-preview":"max-image-preview:large","max-video-preview":"max-video-preview:-1"},"canonical":"https:\/\/jilzine.com\/fr\/indices-de-consommation\/","og_locale":"fr_FR","og_type":"article","og_title":"Indices de consommation - Jil Zine","og_description":"Nous sommes une association de sensibilisation aux m\u00e9faits des drogues. \"Tous concern\u00e9s, tous responsables\".","og_url":"https:\/\/jilzine.com\/fr\/indices-de-consommation\/","og_site_name":"Jil Zine","article_modified_time":"2022-04-06T13:24:10+00:00","twitter_card":"summary_large_image","twitter_misc":{"Dur\u00e9e de lecture estim\u00e9e":"2 minutes"},"schema":{"@context":"https:\/\/schema.org","@graph":[{"@type":"WebSite","@id":"https:\/\/jilzine.com\/#website","url":"https:\/\/jilzine.com\/","name":"Jil Zine","description":"Association de sensibilisation aux m\u00e9faits des drogues","potentialAction":[{"@type":"SearchAction","target":{"@type":"EntryPoint","urlTemplate":"https:\/\/jilzine.com\/?s={search_term_string}"},"query-input":"required name=search_term_string"}],"inLanguage":"fr-FR"},{"@type":"WebPage","@id":"https:\/\/jilzine.com\/indices-de-consommation\/#webpage","url":"https:\/\/jilzine.com\/indices-de-consommation\/","name":"Indices de consommation - Jil Zine","isPartOf":{"@id":"https:\/\/jilzine.com\/#website"},"datePublished":"2022-03-09T09:34:20+00:00","dateModified":"2022-04-06T13:24:10+00:00","description":"Nous sommes une association de sensibilisation aux m\u00e9faits des drogues. \"Tous concern\u00e9s, tous responsables\".","breadcrumb":{"@id":"https:\/\/jilzine.com\/indices-de-consommation\/#breadcrumb"},"inLanguage":"fr-FR","potentialAction":[{"@type":"ReadAction","target":["https:\/\/jilzine.com\/indices-de-consommation\/"]}]},{"@type":"BreadcrumbList","@id":"https:\/\/jilzine.com\/indices-de-consommation\/#breadcrumb","itemListElement":[{"@type":"ListItem","position":1,"name":"Accueil","item":"https:\/\/jilzine.com\/"},{"@type":"ListItem","position":2,"name":"Indices de consommation"}]}]}},"_links":{"self":[{"href":"https:\/\/jilzine.com\/fr\/wp-json\/wp\/v2\/pages\/5965"}],"collection":[{"href":"https:\/\/jilzine.com\/fr\/wp-json\/wp\/v2\/pages"}],"about":[{"href":"https:\/\/jilzine.com\/fr\/wp-json\/wp\/v2\/types\/page"}],"author":[{"embeddable":true,"href":"https:\/\/jilzine.com\/fr\/wp-json\/wp\/v2\/users\/1"}],"replies":[{"embeddable":true,"href":"https:\/\/jilzine.com\/fr\/wp-json\/wp\/v2\/comments?post=5965"}],"version-history":[{"count":2,"href":"https:\/\/jilzine.com\/fr\/wp-json\/wp\/v2\/pages\/5965\/revisions"}],"predecessor-version":[{"id":6060,"href":"https:\/\/jilzine.com\/fr\/wp-json\/wp\/v2\/pages\/5965\/revisions\/6060"}],"wp:attachment":[{"href":"https:\/\/jilzine.com\/fr\/wp-json\/wp\/v2\/media?parent=5965"}],"curies":[{"name":"wp","href":"https:\/\/api.w.org\/{rel}","templated":true}]}}